{"id":274,"date":"2020-09-01T15:06:50","date_gmt":"2020-09-01T13:06:50","guid":{"rendered":"https:\/\/avocat-extradition-teissedre.com\/?page_id=274"},"modified":"2025-10-01T11:36:09","modified_gmt":"2025-10-01T09:36:09","slug":"accueil-v3","status":"publish","type":"page","link":"https:\/\/avocat-extradition-teissedre.com\/en\/","title":{"rendered":"Home"},"content":{"rendered":"<h1>\n\t\t\t\tInternational Criminal Law\n\t\t\t<\/h1>\n\t\t\t<p>Jean-Charles TEISSEDRE is one of the few French lawyers whose firm is resolutely\nfocused on the defence of persons sought by the criminal justice system.<\/p>\n\t<h2>\n\t\t\t\tThe Office\n\t\t\t<\/h2>\n\t<p>Ma\u00eetre Jean-Charles Teissedre est avocat depuis 2001. Il est \u00e9galement charg\u00e9 d&rsquo;enseignement \u00e0 la facult\u00e9 de droit de Montpellier. Avec constance et rigueur, il a d\u00e9velopp\u00e9 une expertise tr\u00e8s recherch\u00e9e dans le domaine de la proc\u00e9dure p\u00e9nale qui l&rsquo;a peu \u00e0 peu conduit \u00e0 d\u00e9fendre des personnes recherch\u00e9es. Certains justiciables sont ainsi consid\u00e9r\u00e9s, \u00e0 tort ou \u00e0 raison, comme des fugitifs.<\/p>\n<p>L&rsquo;objectif de Ma\u00eetre Teissedre, qui traitera personnellement et enti\u00e8rement votre dossier, est de traquer d&rsquo;\u00e9ventuels vices de proc\u00e9dure et de faire \u00e9chec au processus de remise \u00e0 l&rsquo;autorit\u00e9 du pays requ\u00e9rant, qu&rsquo;il s&rsquo;agisse de la France ou d&rsquo;un pays \u00e9tranger.<\/p>\n\t<h2>\n\t\t\t\tExpertise\n\t\t\t<\/h2>\n\t<p><strong>En cas d&rsquo;interpellation, il s&rsquo;agira le plus souvent d&rsquo;affronter dans l&rsquo;urgence un ordre d&rsquo;incarc\u00e9ration<\/strong> qui peut prendre diff\u00e9rentes formes dont la plus connue d&rsquo;entre elles: le mandat d&rsquo;arr\u00eat. Une proc\u00e9dure complexe, qu&rsquo;il est pr\u00e9f\u00e9rable d&rsquo;anticiper, sera alors mise en oeuvre. La fameuse proc\u00e9dure d&rsquo;extradition, de m\u00eame que la proc\u00e9dure relative au mandat d&rsquo;arr\u00eat europ\u00e9en, sont en effet des proc\u00e9dures tr\u00e8s techniques.<\/p>\n<p>L&rsquo;absence du mis en examen, du pr\u00e9venu, de l&rsquo;accus\u00e9 ou du condamn\u00e9 est un ph\u00e9nom\u00e8ne r\u00e9current qui peut \u00eatre le r\u00e9sultat d&rsquo;une volont\u00e9 bien r\u00e9elle d&rsquo;\u00e9chapper aux autorit\u00e9s \u00e9tatiques ou judiciaires d&rsquo;un pays, mais aussi la cons\u00e9quence de dysfonctionnements ou de n\u00e9gligences divers et vari\u00e9s.<\/p>\n\t<h2>\n\t\t\t\tPublications\n\t\t\t<\/h2>\n\t<p>Ma\u00eetre Teissedre a consacr\u00e9 un manuel de proc\u00e9dure p\u00e9nale d\u00e9di\u00e9 \u00e0 chacune de ces proc\u00e9dures. L&rsquo;ouvrage, unique en son genre, intitul\u00e9 \u00ab\u00a0La d\u00e9fense p\u00e9nale des fugitifs\u00a0\u00bb, est disponible sur les plateformes num\u00e9riques.<\/p>\n<p>Les liens vers ces plateformes sont r\u00e9pertori\u00e9s dans la rubrique \u00ab\u00a0<a href=\"https:\/\/avocat-extradition-teissedre.com\/en\/publications\/\">Publications<\/a>\u00a0\u00bb de ce site. La rubrique \u00ab\u00a0<a href=\"https:\/\/avocat-extradition-teissedre.com\/en\/contact\/\">Contact<\/a>\u00a0\u00bb vous permet quant \u00e0 elle de prendre attache avec le cabinet qui tient \u00e0 garantir \u00e0 ses clients le respect du secret professionnel le plus strict mais aussi la discr\u00e9tion requise pour le traitement de dossiers atypiques.<\/p>\n\t\t\t\t<a href=\"https:\/\/avocat-extradition-teissedre.com\/en\/publications\/\" target=\"_self\" itemprop=\"url\">\n\t\t\t\t<img decoding=\"async\" src=\"https:\/\/avocat-extradition-teissedre.com\/wp-content\/uploads\/2025\/10\/defense-penale-des-fugitifs-800x1135.jpg\" alt=\"defense penale des fugitifs\" itemprop=\"image\" height=\"1135\" width=\"800\" title=\"defense penale des fugitifs\" onerror=\"this.style.display='none'\"  \/>\n\t\t\t\t<\/a>","protected":false},"excerpt":{"rendered":"<p>Droit P\u00e9nal International Jean-Charles TEISSEDRE fait partie des rares avocats fran\u00e7ais dont le cabinet est r\u00e9solument tourn\u00e9 vers la d\u00e9fense des personnes recherch\u00e9es par la justice p\u00e9nale. Le Cabinet Ma\u00eetre Jean-Charles Teissedre est avocat depuis 2001. Il est \u00e9galement charg\u00e9 d&rsquo;enseignement \u00e0 la facult\u00e9 de droit de Montpellier. Avec constance et rigueur, il a d\u00e9velopp\u00e9 [&hellip;]<\/p>","protected":false},"author":1,"featured_media":0,"parent":0,"menu_order":0,"comment_status":"closed","ping_status":"closed","template":"","meta":{"site-sidebar-layout":"default","site-content-layout":"default","ast-site-content-layout":"default","site-content-style":"default","site-sidebar-style":"default","ast-global-header-display":"","ast-banner-title-visibility":"","ast-main-header-display":"","ast-hfb-above-header-display":"","ast-hfb-below-header-display":"","ast-hfb-mobile-header-display":"","site-post-title":"disabled","ast-breadcrumbs-content":"","ast-featured-img":"disabled","footer-sml-layout":"","theme-transparent-header-meta":"enabled","adv-header-id-meta":"","stick-header-meta":"default","header-above-stick-meta":"","header-main-stick-meta":"","header-below-stick-meta":"","astra-migrate-meta-layouts":"default","ast-page-background-enabled":"default","ast-page-background-meta":{"desktop":{"background-color":"","background-image":"","background-repeat":"repeat","background-position":"center center","background-size":"auto","background-attachment":"scroll","background-type":"","background-media":"","overlay-type":"","overlay-color":"","overlay-opacity":"","overlay-gradient":""},"tablet":{"background-color":"","background-image":"","background-repeat":"repeat","background-position":"center center","background-size":"auto","background-attachment":"scroll","background-type":"","background-media":"","overlay-type":"","overlay-color":"","overlay-opacity":"","overlay-gradient":""},"mobile":{"background-color":"","background-image":"","background-repeat":"repeat","background-position":"center center","background-size":"auto","background-attachment":"scroll","background-type":"","background-media":"","overlay-type":"","overlay-color":"","overlay-opacity":"","overlay-gradient":""}},"ast-content-background-meta":{"desktop":{"background-color":"var(--ast-global-color-5)","background-image":"","background-repeat":"repeat","background-position":"center center","background-size":"auto","background-attachment":"scroll","background-type":"","background-media":"","overlay-type":"","overlay-color":"","overlay-opacity":"","overlay-gradient":""},"tablet":{"background-color":"var(--ast-global-color-5)","background-image":"","background-repeat":"repeat","background-position":"center center","background-size":"auto","background-attachment":"scroll","background-type":"","background-media":"","overlay-type":"","overlay-color":"","overlay-opacity":"","overlay-gradient":""},"mobile":{"background-color":"var(--ast-global-color-5)","background-image":"","background-repeat":"repeat","background-position":"center center","background-size":"auto","background-attachment":"scroll","background-type":"","background-media":"","overlay-type":"","overlay-color":"","overlay-opacity":"","overlay-gradient":""}},"footnotes":""},"class_list":["post-274","page","type-page","status-publish","hentry"],"yoast_head":"<!-- This site is optimized with the Yoast SEO plugin v26.0 - https:\/\/yoast.com\/wordpress\/plugins\/seo\/ -->\n<title>Avocat Extradition - Droit P\u00e9nal International - Cabinet Teissedre<\/title>\n<meta name=\"description\" content=\"Le cabinet TEISSEDRE est l&#039;un des rares cabinets d&#039;avocats engag\u00e9 dans la d\u00e9fense des personnes vis\u00e9es par une proc\u00e9dure d&#039;extradition.\" \/>\n<meta name=\"robots\" content=\"index, follow, max-snippet:-1, max-image-preview:large, max-video-preview:-1\" \/>\n<link rel=\"canonical\" href=\"https:\/\/avocat-extradition-teissedre.com\/en\/\" \/>\n<meta property=\"og:locale\" content=\"en_US\" \/>\n<meta property=\"og:type\" content=\"article\" \/>\n<meta property=\"og:title\" content=\"Avocat Extradition - Droit P\u00e9nal International - Cabinet Teissedre\" \/>\n<meta property=\"og:description\" content=\"Le cabinet TEISSEDRE est l&#039;un des rares cabinets d&#039;avocats engag\u00e9 dans la d\u00e9fense des personnes vis\u00e9es par une proc\u00e9dure d&#039;extradition.\" \/>\n<meta property=\"og:url\" content=\"https:\/\/avocat-extradition-teissedre.com\/en\/\" \/>\n<meta property=\"og:site_name\" content=\"Cabinet Avocats Teissedre - Droit P\u00e9nal International et Extradition\" \/>\n<meta property=\"article:modified_time\" content=\"2025-10-01T09:36:09+00:00\" \/>\n<meta property=\"og:image\" content=\"https:\/\/avocat-extradition-teissedre.com\/wp-content\/uploads\/2025\/10\/defense-penale-des-fugitifs-800x1135.jpg\" \/>\n<meta name=\"twitter:card\" content=\"summary_large_image\" \/>\n<meta name=\"twitter:label1\" content=\"Est. reading time\" \/>\n\t<meta name=\"twitter:data1\" content=\"2 minutes\" \/>\n<script type=\"application\/ld+json\" class=\"yoast-schema-graph\">{\"@context\":\"https:\/\/schema.org\",\"@graph\":[{\"@type\":\"WebPage\",\"@id\":\"https:\/\/avocat-extradition-teissedre.com\/\",\"url\":\"https:\/\/avocat-extradition-teissedre.com\/\",\"name\":\"Avocat Extradition - Droit P\u00e9nal International - Cabinet Teissedre\",\"isPartOf\":{\"@id\":\"https:\/\/avocat-extradition-teissedre.com\/#website\"},\"primaryImageOfPage\":{\"@id\":\"https:\/\/avocat-extradition-teissedre.com\/#primaryimage\"},\"image\":{\"@id\":\"https:\/\/avocat-extradition-teissedre.com\/#primaryimage\"},\"thumbnailUrl\":\"https:\/\/avocat-extradition-teissedre.com\/wp-content\/uploads\/2025\/10\/defense-penale-des-fugitifs-800x1135.jpg\",\"datePublished\":\"2020-09-01T13:06:50+00:00\",\"dateModified\":\"2025-10-01T09:36:09+00:00\",\"description\":\"Le cabinet TEISSEDRE est l'un des rares cabinets d'avocats engag\u00e9 dans la d\u00e9fense des personnes vis\u00e9es par une proc\u00e9dure d'extradition.\",\"breadcrumb\":{\"@id\":\"https:\/\/avocat-extradition-teissedre.com\/#breadcrumb\"},\"inLanguage\":\"en-US\",\"potentialAction\":[{\"@type\":\"ReadAction\",\"target\":[\"https:\/\/avocat-extradition-teissedre.com\/\"]}]},{\"@type\":\"ImageObject\",\"inLanguage\":\"en-US\",\"@id\":\"https:\/\/avocat-extradition-teissedre.com\/#primaryimage\",\"url\":\"https:\/\/avocat-extradition-teissedre.com\/wp-content\/uploads\/2025\/10\/defense-penale-des-fugitifs-800x1135.jpg\",\"contentUrl\":\"https:\/\/avocat-extradition-teissedre.com\/wp-content\/uploads\/2025\/10\/defense-penale-des-fugitifs-800x1135.jpg\"},{\"@type\":\"BreadcrumbList\",\"@id\":\"https:\/\/avocat-extradition-teissedre.com\/#breadcrumb\",\"itemListElement\":[{\"@type\":\"ListItem\",\"position\":1,\"name\":\"Accueil\",\"item\":\"https:\/\/avocat-extradition-teissedre.com\/\"},{\"@type\":\"ListItem\",\"position\":2,\"name\":\"Accueil\"}]},{\"@type\":\"WebSite\",\"@id\":\"https:\/\/avocat-extradition-teissedre.com\/#website\",\"url\":\"https:\/\/avocat-extradition-teissedre.com\/\",\"name\":\"Cabinet Avocats Teissedre - Droit P\u00e9nal International et Extradition\",\"description\":\"Droit P\u00e9nal International Extradition\",\"publisher\":{\"@id\":\"https:\/\/avocat-extradition-teissedre.com\/#organization\"},\"potentialAction\":[{\"@type\":\"SearchAction\",\"target\":{\"@type\":\"EntryPoint\",\"urlTemplate\":\"https:\/\/avocat-extradition-teissedre.com\/?s={search_term_string}\"},\"query-input\":{\"@type\":\"PropertyValueSpecification\",\"valueRequired\":true,\"valueName\":\"search_term_string\"}}],\"inLanguage\":\"en-US\"},{\"@type\":\"Organization\",\"@id\":\"https:\/\/avocat-extradition-teissedre.com\/#organization\",\"name\":\"Cabinet Avocats Teissedre\",\"url\":\"https:\/\/avocat-extradition-teissedre.com\/\",\"logo\":{\"@type\":\"ImageObject\",\"inLanguage\":\"en-US\",\"@id\":\"https:\/\/avocat-extradition-teissedre.com\/#\/schema\/logo\/image\/\",\"url\":\"https:\/\/avocat-extradition-teissedre.com\/wp-content\/uploads\/2020\/07\/Logo_Cabinet-TA_Bleu-marine.png\",\"contentUrl\":\"https:\/\/avocat-extradition-teissedre.com\/wp-content\/uploads\/2020\/07\/Logo_Cabinet-TA_Bleu-marine.png\",\"width\":2190,\"height\":432,\"caption\":\"Cabinet Avocats Teissedre\"},\"image\":{\"@id\":\"https:\/\/avocat-extradition-teissedre.com\/#\/schema\/logo\/image\/\"}}]}<\/script>\n<!-- \/ Yoast SEO plugin. -->","yoast_head_json":{"title":"Avocat Extradition - Droit P\u00e9nal International - Cabinet Teissedre","description":"Le cabinet TEISSEDRE est l'un des rares cabinets d'avocats engag\u00e9 dans la d\u00e9fense des personnes vis\u00e9es par une proc\u00e9dure d'extradition.","robots":{"index":"index","follow":"follow","max-snippet":"max-snippet:-1","max-image-preview":"max-image-preview:large","max-video-preview":"max-video-preview:-1"},"canonical":"https:\/\/avocat-extradition-teissedre.com\/en\/","og_locale":"en_US","og_type":"article","og_title":"Avocat Extradition - Droit P\u00e9nal International - Cabinet Teissedre","og_description":"Le cabinet TEISSEDRE est l'un des rares cabinets d'avocats engag\u00e9 dans la d\u00e9fense des personnes vis\u00e9es par une proc\u00e9dure d'extradition.","og_url":"https:\/\/avocat-extradition-teissedre.com\/en\/","og_site_name":"Cabinet Avocats Teissedre - Droit P\u00e9nal International et Extradition","article_modified_time":"2025-10-01T09:36:09+00:00","og_image":[{"url":"https:\/\/avocat-extradition-teissedre.com\/wp-content\/uploads\/2025\/10\/defense-penale-des-fugitifs-800x1135.jpg","type":"","width":"","height":""}],"twitter_card":"summary_large_image","twitter_misc":{"Est. reading time":"2 minutes"},"schema":{"@context":"https:\/\/schema.org","@graph":[{"@type":"WebPage","@id":"https:\/\/avocat-extradition-teissedre.com\/","url":"https:\/\/avocat-extradition-teissedre.com\/","name":"Avocat Extradition - Droit P\u00e9nal International - Cabinet Teissedre","isPartOf":{"@id":"https:\/\/avocat-extradition-teissedre.com\/#website"},"primaryImageOfPage":{"@id":"https:\/\/avocat-extradition-teissedre.com\/#primaryimage"},"image":{"@id":"https:\/\/avocat-extradition-teissedre.com\/#primaryimage"},"thumbnailUrl":"https:\/\/avocat-extradition-teissedre.com\/wp-content\/uploads\/2025\/10\/defense-penale-des-fugitifs-800x1135.jpg","datePublished":"2020-09-01T13:06:50+00:00","dateModified":"2025-10-01T09:36:09+00:00","description":"Le cabinet TEISSEDRE est l'un des rares cabinets d'avocats engag\u00e9 dans la d\u00e9fense des personnes vis\u00e9es par une proc\u00e9dure d'extradition.","breadcrumb":{"@id":"https:\/\/avocat-extradition-teissedre.com\/#breadcrumb"},"inLanguage":"en-US","potentialAction":[{"@type":"ReadAction","target":["https:\/\/avocat-extradition-teissedre.com\/"]}]},{"@type":"ImageObject","inLanguage":"en-US","@id":"https:\/\/avocat-extradition-teissedre.com\/#primaryimage","url":"https:\/\/avocat-extradition-teissedre.com\/wp-content\/uploads\/2025\/10\/defense-penale-des-fugitifs-800x1135.jpg","contentUrl":"https:\/\/avocat-extradition-teissedre.com\/wp-content\/uploads\/2025\/10\/defense-penale-des-fugitifs-800x1135.jpg"},{"@type":"BreadcrumbList","@id":"https:\/\/avocat-extradition-teissedre.com\/#breadcrumb","itemListElement":[{"@type":"ListItem","position":1,"name":"Accueil","item":"https:\/\/avocat-extradition-teissedre.com\/"},{"@type":"ListItem","position":2,"name":"Accueil"}]},{"@type":"WebSite","@id":"https:\/\/avocat-extradition-teissedre.com\/#website","url":"https:\/\/avocat-extradition-teissedre.com\/","name":"Cabinet Avocats Teissedre - Droit P\u00e9nal International et Extradition","description":"Droit P\u00e9nal International Extradition","publisher":{"@id":"https:\/\/avocat-extradition-teissedre.com\/#organization"},"potentialAction":[{"@type":"SearchAction","target":{"@type":"EntryPoint","urlTemplate":"https:\/\/avocat-extradition-teissedre.com\/?s={search_term_string}"},"query-input":{"@type":"PropertyValueSpecification","valueRequired":true,"valueName":"search_term_string"}}],"inLanguage":"en-US"},{"@type":"Organization","@id":"https:\/\/avocat-extradition-teissedre.com\/#organization","name":"Cabinet Avocats Teissedre","url":"https:\/\/avocat-extradition-teissedre.com\/","logo":{"@type":"ImageObject","inLanguage":"en-US","@id":"https:\/\/avocat-extradition-teissedre.com\/#\/schema\/logo\/image\/","url":"https:\/\/avocat-extradition-teissedre.com\/wp-content\/uploads\/2020\/07\/Logo_Cabinet-TA_Bleu-marine.png","contentUrl":"https:\/\/avocat-extradition-teissedre.com\/wp-content\/uploads\/2020\/07\/Logo_Cabinet-TA_Bleu-marine.png","width":2190,"height":432,"caption":"Cabinet Avocats Teissedre"},"image":{"@id":"https:\/\/avocat-extradition-teissedre.com\/#\/schema\/logo\/image\/"}}]}},"_links":{"self":[{"href":"https:\/\/avocat-extradition-teissedre.com\/en\/wp-json\/wp\/v2\/pages\/274","targetHints":{"allow":["GET"]}}],"collection":[{"href":"https:\/\/avocat-extradition-teissedre.com\/en\/wp-json\/wp\/v2\/pages"}],"about":[{"href":"https:\/\/avocat-extradition-teissedre.com\/en\/wp-json\/wp\/v2\/types\/page"}],"author":[{"embeddable":true,"href":"https:\/\/avocat-extradition-teissedre.com\/en\/wp-json\/wp\/v2\/users\/1"}],"replies":[{"embeddable":true,"href":"https:\/\/avocat-extradition-teissedre.com\/en\/wp-json\/wp\/v2\/comments?post=274"}],"version-history":[{"count":0,"href":"https:\/\/avocat-extradition-teissedre.com\/en\/wp-json\/wp\/v2\/pages\/274\/revisions"}],"wp:attachment":[{"href":"https:\/\/avocat-extradition-teissedre.com\/en\/wp-json\/wp\/v2\/media?parent=274"}],"curies":[{"name":"wp","href":"https:\/\/api.w.org\/{rel}","templated":true}]}}