{"id":350,"date":"2024-09-27T11:08:53","date_gmt":"2024-09-27T09:08:53","guid":{"rendered":"https:\/\/avocat-extradition-teissedre.com\/?page_id=350"},"modified":"2025-10-02T14:58:32","modified_gmt":"2025-10-02T12:58:32","slug":"articles","status":"publish","type":"page","link":"https:\/\/avocat-extradition-teissedre.com\/en\/articles\/","title":{"rendered":"Articles"},"content":{"rendered":"<a href=\"https:\/\/www.actu-juridique.fr\/international\/international-etrangers\/pourquoi-paul-watson-ne-sera-probablement-pas-extrade-vers-le-japon\/\" target=\"_blank\" rel=\"noopener\" aria-label=\"Aller \u00e0 https:\/\/www.actu-juridique.fr\/international\/international-etrangers\/pourquoi-paul-watson-ne-sera-probablement-pas-extrade-vers-le-japon\/\"><\/a>\n\t\t\t\t<img decoding=\"async\" src=\"https:\/\/www.actu-juridique.fr\/app\/uploads\/2024\/11\/Paul_Watson_portrait-scaled.jpg\" alt=\"\" title=\"\" itemprop=\"image\"\/>\n\t\t<h3>Pourquoi Paul Watson ne sera probablement pas extrad\u00e9 vers le Japon<\/h3>\t\t\t\n\t<a href=\"https:\/\/www.actu-juridique.fr\/penal\/affaire-philippine-lextradition-du-suspect-malgre-son-refus-parait-hautement-probable\/\" target=\"_blank\" rel=\"noopener\" aria-label=\"Aller \u00e0 https:\/\/www.actu-juridique.fr\/penal\/affaire-philippine-lextradition-du-suspect-malgre-son-refus-parait-hautement-probable\/\"><\/a>\n\t\t\t\t<img decoding=\"async\" src=\"https:\/\/www.actu-juridique.fr\/app\/uploads\/2024\/10\/MG_0647-scaled-e1729166672405.jpg\" alt=\"\" title=\"\" itemprop=\"image\"\/>\n\t\t<h3>Affaire Philippine : L&rsquo;extradition du suspect, malgr\u00e9 son refus, para\u00eet hautement probable<\/h3>\t\t\t\n\t<a href=\"https:\/\/www.actu-juridique.fr\/penal\/interpol-les-notices-rouges-et-le-risque-de-detention-arbitraire\/\" target=\"_blank\" rel=\"noopener\" aria-label=\"Aller \u00e0 https:\/\/www.actu-juridique.fr\/penal\/interpol-les-notices-rouges-et-le-risque-de-detention-arbitraire\/\"><\/a>\n\t\t\t\t<img decoding=\"async\" src=\"https:\/\/www.actu-juridique.fr\/app\/uploads\/2024\/05\/AdobeStock_513544251_Editorial_Use_Only-scaled.jpeg\" alt=\"\" title=\"\" itemprop=\"image\"\/>\n\t\t<h3>Interpol : les notices rouges et le risque de d\u00e9tention arbitraire<\/h3>\t\t\t\n\t<a href=\"https:\/\/www.actu-juridique.fr\/penal\/letrange-classement-secret-defense-du-dossier-scapula\/\" target=\"_blank\" rel=\"noopener\" aria-label=\"Aller \u00e0 https:\/\/www.actu-juridique.fr\/penal\/letrange-classement-secret-defense-du-dossier-scapula\/\"><\/a>\n\t\t\t\t<img decoding=\"async\" src=\"https:\/\/www.actu-juridique.fr\/app\/uploads\/2024\/08\/AdobeStock_381202182-scaled.jpeg\" alt=\"\" title=\"\" itemprop=\"image\"\/>\n\t\t<h3>L&rsquo;\u00e9trange classement secret-d\u00e9fense du dossier Scapula<\/h3>\t\t\t\n\t<a href=\"https:\/\/www.village-justice.com\/articles\/procedure-annulation-mandat-arret-international-france-maroc,50957.html\" target=\"_blank\" rel=\"noopener\" aria-label=\"Aller \u00e0 https:\/\/www.village-justice.com\/articles\/procedure-annulation-mandat-arret-international-france-maroc,50957.html\"><\/a>\n\t\t\t\t<img decoding=\"async\" src=\"https:\/\/www.village-justice.com\/articles\/IMG\/arton50957.png?1727421844\" alt=\"\" title=\"\" itemprop=\"image\"\/>\n\t\t<h3>LA PROCEDURE D&rsquo;ANNULATION D&rsquo;UN MANDAT D&rsquo;ARRET INTERNATIONAL EN FRANCE ET AU MAROC<\/h3>\t\t\t\n\t<a href=\"https:\/\/www.actu-juridique.fr\/international\/droit-penal-international-le-principe-de-specialite-est-il-une-incitation-a-fuir-son-pays\/\" target=\"_blank\" rel=\"noopener\" aria-label=\"Aller \u00e0 https:\/\/www.actu-juridique.fr\/international\/droit-penal-international-le-principe-de-specialite-est-il-une-incitation-a-fuir-son-pays\/\"><\/a>\n\t\t\t\t<img decoding=\"async\" src=\"https:\/\/www.actu-juridique.fr\/app\/uploads\/2023\/01\/AdobeStock_309900017-scaled.jpeg\" alt=\"\" title=\"\" itemprop=\"image\"\/>\n\t\t<h3>Droit p\u00e9nal international : le principe de sp\u00e9cialit\u00e9 est-il une incitation \u00e0 fuir son pays ?<\/h3>\t\t\t\n\t<a href=\"https:\/\/www.actu-juridique.fr\/procedure-penale\/ces-mandats-darret-dont-lexecution-echappe-a-la-justice\/\" target=\"_blank\" rel=\"noopener\" aria-label=\"Aller \u00e0 https:\/\/www.actu-juridique.fr\/procedure-penale\/ces-mandats-darret-dont-lexecution-echappe-a-la-justice\/\"><\/a>\n\t\t\t\t<img decoding=\"async\" src=\"https:\/\/www.actu-juridique.fr\/app\/uploads\/2025\/01\/AdobeStock_504021204-scaled.jpeg\" alt=\"\" title=\"\" itemprop=\"image\"\/>\n\t\t<h3>Ces mandats d&rsquo;arr\u00eat dont l&rsquo;ex\u00e9cution \u00e9chappe \u00e0 la justice<\/h3>","protected":false},"excerpt":{"rendered":"<p>Pourquoi Paul Watson ne sera probablement pas extrad\u00e9 vers le Japon Affaire Philippine : L&rsquo;extradition du suspect, malgr\u00e9 son refus, para\u00eet hautement probable Interpol : les notices rouges et le risque de d\u00e9tention arbitraire L&rsquo;\u00e9trange classement secret-d\u00e9fense du dossier Scapula LA PROCEDURE D&rsquo;ANNULATION D&rsquo;UN MANDAT D&rsquo;ARRET INTERNATIONAL EN FRANCE ET AU MAROC Droit p\u00e9nal international [&hellip;]<\/p>","protected":false},"author":1,"featured_media":0,"parent":0,"menu_order":0,"comment_status":"closed","ping_status":"closed","template":"","meta":{"site-sidebar-layout":"default","site-content-layout":"default","ast-site-content-layout":"default","site-content-style":"default","site-sidebar-style":"default","ast-global-header-display":"","ast-banner-title-visibility":"","ast-main-header-display":"","ast-hfb-above-header-display":"","ast-hfb-below-header-display":"","ast-hfb-mobile-header-display":"","site-post-title":"","ast-breadcrumbs-content":"","ast-featured-img":"disabled","footer-sml-layout":"","theme-transparent-header-meta":"enabled","adv-header-id-meta":"75","stick-header-meta":"default","header-above-stick-meta":"","header-main-stick-meta":"","header-below-stick-meta":"","astra-migrate-meta-layouts":"set","ast-page-background-enabled":"default","ast-page-background-meta":{"desktop":{"background-color":"","background-image":"","background-repeat":"repeat","background-position":"center center","background-size":"auto","background-attachment":"scroll","background-type":"","background-media":"","overlay-type":"","overlay-color":"","overlay-opacity":"","overlay-gradient":""},"tablet":{"background-color":"","background-image":"","background-repeat":"repeat","background-position":"center center","background-size":"auto","background-attachment":"scroll","background-type":"","background-media":"","overlay-type":"","overlay-color":"","overlay-opacity":"","overlay-gradient":""},"mobile":{"background-color":"","background-image":"","background-repeat":"repeat","background-position":"center center","background-size":"auto","background-attachment":"scroll","background-type":"","background-media":"","overlay-type":"","overlay-color":"","overlay-opacity":"","overlay-gradient":""}},"ast-content-background-meta":{"desktop":{"background-color":"var(--ast-global-color-5)","background-image":"","background-repeat":"repeat","background-position":"center center","background-size":"auto","background-attachment":"scroll","background-type":"","background-media":"","overlay-type":"","overlay-color":"","overlay-opacity":"","overlay-gradient":""},"tablet":{"background-color":"var(--ast-global-color-5)","background-image":"","background-repeat":"repeat","background-position":"center center","background-size":"auto","background-attachment":"scroll","background-type":"","background-media":"","overlay-type":"","overlay-color":"","overlay-opacity":"","overlay-gradient":""},"mobile":{"background-color":"var(--ast-global-color-5)","background-image":"","background-repeat":"repeat","background-position":"center center","background-size":"auto","background-attachment":"scroll","background-type":"","background-media":"","overlay-type":"","overlay-color":"","overlay-opacity":"","overlay-gradient":""}},"footnotes":""},"class_list":["post-350","page","type-page","status-publish","hentry"],"yoast_head":"<!-- This site is optimized with the Yoast SEO plugin v26.0 - https:\/\/yoast.com\/wordpress\/plugins\/seo\/ -->\n<title>Articles - Droit P\u00e9nal International - Cabinet Teissedre<\/title>\n<meta name=\"description\" content=\"Le principal probl\u00e8me est de savoir \u00e0 partir de quelle date commencent \u00e0 courir les d\u00e9lais de prescription de la peine.\" \/>\n<meta name=\"robots\" content=\"index, follow, max-snippet:-1, max-image-preview:large, max-video-preview:-1\" \/>\n<link rel=\"canonical\" href=\"https:\/\/avocat-extradition-teissedre.com\/en\/articles\/\" \/>\n<meta property=\"og:locale\" content=\"en_US\" \/>\n<meta property=\"og:type\" content=\"article\" \/>\n<meta property=\"og:title\" content=\"Articles - Droit P\u00e9nal International - Cabinet Teissedre\" \/>\n<meta property=\"og:description\" content=\"Le principal probl\u00e8me est de savoir \u00e0 partir de quelle date commencent \u00e0 courir les d\u00e9lais de prescription de la peine.\" \/>\n<meta property=\"og:url\" content=\"https:\/\/avocat-extradition-teissedre.com\/en\/articles\/\" \/>\n<meta property=\"og:site_name\" content=\"Cabinet Avocats Teissedre - Droit P\u00e9nal International et Extradition\" \/>\n<meta property=\"article:modified_time\" content=\"2025-10-02T12:58:32+00:00\" \/>\n<meta property=\"og:image\" content=\"https:\/\/www.actu-juridique.fr\/app\/uploads\/2024\/11\/Paul_Watson_portrait-scaled.jpg\" \/>\n<meta name=\"twitter:card\" content=\"summary_large_image\" \/>\n<meta name=\"twitter:label1\" content=\"Est. reading time\" \/>\n\t<meta name=\"twitter:data1\" content=\"3 minutes\" \/>\n<script type=\"application\/ld+json\" class=\"yoast-schema-graph\">{\"@context\":\"https:\/\/schema.org\",\"@graph\":[{\"@type\":\"WebPage\",\"@id\":\"https:\/\/avocat-extradition-teissedre.com\/articles\/\",\"url\":\"https:\/\/avocat-extradition-teissedre.com\/articles\/\",\"name\":\"Articles - Droit P\u00e9nal International - Cabinet Teissedre\",\"isPartOf\":{\"@id\":\"https:\/\/avocat-extradition-teissedre.com\/#website\"},\"primaryImageOfPage\":{\"@id\":\"https:\/\/avocat-extradition-teissedre.com\/articles\/#primaryimage\"},\"image\":{\"@id\":\"https:\/\/avocat-extradition-teissedre.com\/articles\/#primaryimage\"},\"thumbnailUrl\":\"https:\/\/www.actu-juridique.fr\/app\/uploads\/2024\/11\/Paul_Watson_portrait-scaled.jpg\",\"datePublished\":\"2024-09-27T09:08:53+00:00\",\"dateModified\":\"2025-10-02T12:58:32+00:00\",\"description\":\"Le principal probl\u00e8me est de savoir \u00e0 partir de quelle date commencent \u00e0 courir les d\u00e9lais de prescription de la peine.\",\"breadcrumb\":{\"@id\":\"https:\/\/avocat-extradition-teissedre.com\/articles\/#breadcrumb\"},\"inLanguage\":\"en-US\",\"potentialAction\":[{\"@type\":\"ReadAction\",\"target\":[\"https:\/\/avocat-extradition-teissedre.com\/articles\/\"]}]},{\"@type\":\"ImageObject\",\"inLanguage\":\"en-US\",\"@id\":\"https:\/\/avocat-extradition-teissedre.com\/articles\/#primaryimage\",\"url\":\"https:\/\/www.actu-juridique.fr\/app\/uploads\/2024\/11\/Paul_Watson_portrait-scaled.jpg\",\"contentUrl\":\"https:\/\/www.actu-juridique.fr\/app\/uploads\/2024\/11\/Paul_Watson_portrait-scaled.jpg\"},{\"@type\":\"BreadcrumbList\",\"@id\":\"https:\/\/avocat-extradition-teissedre.com\/articles\/#breadcrumb\",\"itemListElement\":[{\"@type\":\"ListItem\",\"position\":1,\"name\":\"Accueil\",\"item\":\"https:\/\/avocat-extradition-teissedre.com\/\"},{\"@type\":\"ListItem\",\"position\":2,\"name\":\"Articles\"}]},{\"@type\":\"WebSite\",\"@id\":\"https:\/\/avocat-extradition-teissedre.com\/#website\",\"url\":\"https:\/\/avocat-extradition-teissedre.com\/\",\"name\":\"Cabinet Avocats Teissedre - Droit P\u00e9nal International et Extradition\",\"description\":\"Droit P\u00e9nal International Extradition\",\"publisher\":{\"@id\":\"https:\/\/avocat-extradition-teissedre.com\/#organization\"},\"potentialAction\":[{\"@type\":\"SearchAction\",\"target\":{\"@type\":\"EntryPoint\",\"urlTemplate\":\"https:\/\/avocat-extradition-teissedre.com\/?s={search_term_string}\"},\"query-input\":{\"@type\":\"PropertyValueSpecification\",\"valueRequired\":true,\"valueName\":\"search_term_string\"}}],\"inLanguage\":\"en-US\"},{\"@type\":\"Organization\",\"@id\":\"https:\/\/avocat-extradition-teissedre.com\/#organization\",\"name\":\"Cabinet Avocats Teissedre\",\"url\":\"https:\/\/avocat-extradition-teissedre.com\/\",\"logo\":{\"@type\":\"ImageObject\",\"inLanguage\":\"en-US\",\"@id\":\"https:\/\/avocat-extradition-teissedre.com\/#\/schema\/logo\/image\/\",\"url\":\"https:\/\/avocat-extradition-teissedre.com\/wp-content\/uploads\/2020\/07\/Logo_Cabinet-TA_Bleu-marine.png\",\"contentUrl\":\"https:\/\/avocat-extradition-teissedre.com\/wp-content\/uploads\/2020\/07\/Logo_Cabinet-TA_Bleu-marine.png\",\"width\":2190,\"height\":432,\"caption\":\"Cabinet Avocats Teissedre\"},\"image\":{\"@id\":\"https:\/\/avocat-extradition-teissedre.com\/#\/schema\/logo\/image\/\"}}]}<\/script>\n<!-- \/ Yoast SEO plugin. -->","yoast_head_json":{"title":"Articles - Droit P\u00e9nal International - Cabinet Teissedre","description":"Le principal probl\u00e8me est de savoir \u00e0 partir de quelle date commencent \u00e0 courir les d\u00e9lais de prescription de la peine.","robots":{"index":"index","follow":"follow","max-snippet":"max-snippet:-1","max-image-preview":"max-image-preview:large","max-video-preview":"max-video-preview:-1"},"canonical":"https:\/\/avocat-extradition-teissedre.com\/en\/articles\/","og_locale":"en_US","og_type":"article","og_title":"Articles - Droit P\u00e9nal International - Cabinet Teissedre","og_description":"Le principal probl\u00e8me est de savoir \u00e0 partir de quelle date commencent \u00e0 courir les d\u00e9lais de prescription de la peine.","og_url":"https:\/\/avocat-extradition-teissedre.com\/en\/articles\/","og_site_name":"Cabinet Avocats Teissedre - Droit P\u00e9nal International et Extradition","article_modified_time":"2025-10-02T12:58:32+00:00","og_image":[{"url":"https:\/\/www.actu-juridique.fr\/app\/uploads\/2024\/11\/Paul_Watson_portrait-scaled.jpg","type":"","width":"","height":""}],"twitter_card":"summary_large_image","twitter_misc":{"Est. reading time":"3 minutes"},"schema":{"@context":"https:\/\/schema.org","@graph":[{"@type":"WebPage","@id":"https:\/\/avocat-extradition-teissedre.com\/articles\/","url":"https:\/\/avocat-extradition-teissedre.com\/articles\/","name":"Articles - Droit P\u00e9nal International - Cabinet Teissedre","isPartOf":{"@id":"https:\/\/avocat-extradition-teissedre.com\/#website"},"primaryImageOfPage":{"@id":"https:\/\/avocat-extradition-teissedre.com\/articles\/#primaryimage"},"image":{"@id":"https:\/\/avocat-extradition-teissedre.com\/articles\/#primaryimage"},"thumbnailUrl":"https:\/\/www.actu-juridique.fr\/app\/uploads\/2024\/11\/Paul_Watson_portrait-scaled.jpg","datePublished":"2024-09-27T09:08:53+00:00","dateModified":"2025-10-02T12:58:32+00:00","description":"Le principal probl\u00e8me est de savoir \u00e0 partir de quelle date commencent \u00e0 courir les d\u00e9lais de prescription de la peine.","breadcrumb":{"@id":"https:\/\/avocat-extradition-teissedre.com\/articles\/#breadcrumb"},"inLanguage":"en-US","potentialAction":[{"@type":"ReadAction","target":["https:\/\/avocat-extradition-teissedre.com\/articles\/"]}]},{"@type":"ImageObject","inLanguage":"en-US","@id":"https:\/\/avocat-extradition-teissedre.com\/articles\/#primaryimage","url":"https:\/\/www.actu-juridique.fr\/app\/uploads\/2024\/11\/Paul_Watson_portrait-scaled.jpg","contentUrl":"https:\/\/www.actu-juridique.fr\/app\/uploads\/2024\/11\/Paul_Watson_portrait-scaled.jpg"},{"@type":"BreadcrumbList","@id":"https:\/\/avocat-extradition-teissedre.com\/articles\/#breadcrumb","itemListElement":[{"@type":"ListItem","position":1,"name":"Accueil","item":"https:\/\/avocat-extradition-teissedre.com\/"},{"@type":"ListItem","position":2,"name":"Articles"}]},{"@type":"WebSite","@id":"https:\/\/avocat-extradition-teissedre.com\/#website","url":"https:\/\/avocat-extradition-teissedre.com\/","name":"Cabinet Avocats Teissedre - Droit P\u00e9nal International et Extradition","description":"Droit P\u00e9nal International Extradition","publisher":{"@id":"https:\/\/avocat-extradition-teissedre.com\/#organization"},"potentialAction":[{"@type":"SearchAction","target":{"@type":"EntryPoint","urlTemplate":"https:\/\/avocat-extradition-teissedre.com\/?s={search_term_string}"},"query-input":{"@type":"PropertyValueSpecification","valueRequired":true,"valueName":"search_term_string"}}],"inLanguage":"en-US"},{"@type":"Organization","@id":"https:\/\/avocat-extradition-teissedre.com\/#organization","name":"Cabinet Avocats Teissedre","url":"https:\/\/avocat-extradition-teissedre.com\/","logo":{"@type":"ImageObject","inLanguage":"en-US","@id":"https:\/\/avocat-extradition-teissedre.com\/#\/schema\/logo\/image\/","url":"https:\/\/avocat-extradition-teissedre.com\/wp-content\/uploads\/2020\/07\/Logo_Cabinet-TA_Bleu-marine.png","contentUrl":"https:\/\/avocat-extradition-teissedre.com\/wp-content\/uploads\/2020\/07\/Logo_Cabinet-TA_Bleu-marine.png","width":2190,"height":432,"caption":"Cabinet Avocats Teissedre"},"image":{"@id":"https:\/\/avocat-extradition-teissedre.com\/#\/schema\/logo\/image\/"}}]}},"_links":{"self":[{"href":"https:\/\/avocat-extradition-teissedre.com\/en\/wp-json\/wp\/v2\/pages\/350","targetHints":{"allow":["GET"]}}],"collection":[{"href":"https:\/\/avocat-extradition-teissedre.com\/en\/wp-json\/wp\/v2\/pages"}],"about":[{"href":"https:\/\/avocat-extradition-teissedre.com\/en\/wp-json\/wp\/v2\/types\/page"}],"author":[{"embeddable":true,"href":"https:\/\/avocat-extradition-teissedre.com\/en\/wp-json\/wp\/v2\/users\/1"}],"replies":[{"embeddable":true,"href":"https:\/\/avocat-extradition-teissedre.com\/en\/wp-json\/wp\/v2\/comments?post=350"}],"version-history":[{"count":0,"href":"https:\/\/avocat-extradition-teissedre.com\/en\/wp-json\/wp\/v2\/pages\/350\/revisions"}],"wp:attachment":[{"href":"https:\/\/avocat-extradition-teissedre.com\/en\/wp-json\/wp\/v2\/media?parent=350"}],"curies":[{"name":"wp","href":"https:\/\/api.w.org\/{rel}","templated":true}]}}