{"id":56,"date":"2020-07-17T13:52:34","date_gmt":"2020-07-17T11:52:34","guid":{"rendered":"https:\/\/avocat-extradition-teissedre.com\/?page_id=56"},"modified":"2020-08-26T16:50:37","modified_gmt":"2020-08-26T14:50:37","slug":"prescription-peine-extradition-droit-penal-international","status":"publish","type":"page","link":"https:\/\/avocat-extradition-teissedre.com\/en\/prescription-peine-extradition-droit-penal-international\/","title":{"rendered":"The Statute of Limitations on the Sentence"},"content":{"rendered":"<p>The main problem is to know <strong>from which date the limitation period applicable to the sentence starts to run<\/strong>. The finality of a court decision can be easily determined when the defendant or accused was\npresent on the day of the hearing up until the deliberation: in this case, the correctional judgment or\nthe criminal judgment will be rendered after the hearing of both parties, which means that the\nlimitation period applicable to the sentence will run from the expiry of the appeal period of ten days.<\/p>\n<p>Lorsque la d\u00e9cision est rendue contradictoirement mais \u00e0 signifier, ce qui correspond \u00e0 l\u2019hypoth\u00e8se du pr\u00e9venu ou de l\u2019accus\u00e9 inform\u00e9 de la date de son proc\u00e8s qui ne se rend pas \u00e0 l\u2019audience, ou par d\u00e9faut &#8211; le pr\u00e9venu ou l\u2019accus\u00e9 ne s\u2019est pas rendu \u00e0 l\u2019audience parce que la date du proc\u00e8s qui lui est fait n\u2019a jamais \u00e9t\u00e9 valablement port\u00e9e \u00e0 sa connaissance &#8211; c\u2019est la signification du jugement ou de l\u2019arr\u00eat \u00e0 domicile, \u00e0 \u00e9tude d\u2019huissier de justice ou \u00e0 parquet, qui fait courir le d\u00e9lai d\u2019appel ou le d\u00e9lai d\u2019opposition.<\/p>\n<p><strong>This time limit for appeal or opposition is ten days in criminal cases. The period of limitation of the sentence then runs from the date of service of the decision, to which ten days must be added<\/strong>. However, it is common for a greater or lesser amount of time to elapse between the time the\ndecision was handed down and the time the decision was duly served. It is therefore important to take account of the way in which decisions in criminal matters are enforced, as dates are often misleading and we know that the statute of limitations is sometimes only a day away.<\/p>\n<p>In criminal cases, however, the person convicted in absentia has no opportunity to lodge an\nobjection, because if he or she surrenders to the authorities or is arrested within a period that does not exceed the statute of limitations, the conviction is automatically considered null and void, which means that the convicted person, who is once again the accused, will automatically be entitled to a new trial. This is why, <strong>in the case of a criminal default, it is the day on which the decision is handed down that sets in motion the period of limitation of the sentence,<\/strong> since the posting or publication of the judgment of conviction rendered in absentia no longer exists since the law of 9 March 2004.<\/p>","protected":false},"excerpt":{"rendered":"<p>Le principal probl\u00e8me est de savoir \u00e0 partir de quelle date commencent \u00e0 courir les d\u00e9lais de prescription de la peine. En effet, le caract\u00e8re d\u00e9finitif d\u2019une d\u00e9cision de justice peut \u00eatre facilement d\u00e9termin\u00e9 lorsque le pr\u00e9venu ou l\u2019accus\u00e9 \u00e9tait pr\u00e9sent le jour de l\u2019audience jusqu\u2019au d\u00e9lib\u00e9r\u00e9 : dans ce cas, le jugement correctionnel ou [&hellip;]<\/p>","protected":false},"author":1,"featured_media":0,"parent":0,"menu_order":0,"comment_status":"closed","ping_status":"closed","template":"","meta":{"site-sidebar-layout":"default","site-content-layout":"default","ast-site-content-layout":"default","site-content-style":"default","site-sidebar-style":"default","ast-global-header-display":"","ast-banner-title-visibility":"","ast-main-header-display":"","ast-hfb-above-header-display":"","ast-hfb-below-header-display":"","ast-hfb-mobile-header-display":"","site-post-title":"","ast-breadcrumbs-content":"","ast-featured-img":"disabled","footer-sml-layout":"","theme-transparent-header-meta":"enabled","adv-header-id-meta":"75","stick-header-meta":"default","header-above-stick-meta":"","header-main-stick-meta":"","header-below-stick-meta":"","astra-migrate-meta-layouts":"default","ast-page-background-enabled":"default","ast-page-background-meta":{"desktop":{"background-color":"","background-image":"","background-repeat":"repeat","background-position":"center center","background-size":"auto","background-attachment":"scroll","background-type":"","background-media":"","overlay-type":"","overlay-color":"","overlay-opacity":"","overlay-gradient":""},"tablet":{"background-color":"","background-image":"","background-repeat":"repeat","background-position":"center center","background-size":"auto","background-attachment":"scroll","background-type":"","background-media":"","overlay-type":"","overlay-color":"","overlay-opacity":"","overlay-gradient":""},"mobile":{"background-color":"","background-image":"","background-repeat":"repeat","background-position":"center center","background-size":"auto","background-attachment":"scroll","background-type":"","background-media":"","overlay-type":"","overlay-color":"","overlay-opacity":"","overlay-gradient":""}},"ast-content-background-meta":{"desktop":{"background-color":"var(--ast-global-color-5)","background-image":"","background-repeat":"repeat","background-position":"center center","background-size":"auto","background-attachment":"scroll","background-type":"","background-media":"","overlay-type":"","overlay-color":"","overlay-opacity":"","overlay-gradient":""},"tablet":{"background-color":"var(--ast-global-color-5)","background-image":"","background-repeat":"repeat","background-position":"center center","background-size":"auto","background-attachment":"scroll","background-type":"","background-media":"","overlay-type":"","overlay-color":"","overlay-opacity":"","overlay-gradient":""},"mobile":{"background-color":"var(--ast-global-color-5)","background-image":"","background-repeat":"repeat","background-position":"center center","background-size":"auto","background-attachment":"scroll","background-type":"","background-media":"","overlay-type":"","overlay-color":"","overlay-opacity":"","overlay-gradient":""}},"footnotes":""},"class_list":["post-56","page","type-page","status-publish","hentry"],"yoast_head":"<!-- This site is optimized with the Yoast SEO plugin v26.0 - https:\/\/yoast.com\/wordpress\/plugins\/seo\/ -->\n<title>La prescription de la peine - Droit P\u00e9nal International - Cabinet Teissedre<\/title>\n<meta name=\"description\" content=\"Le principal probl\u00e8me est de savoir \u00e0 partir de quelle date commencent \u00e0 courir les d\u00e9lais de prescription de la peine.\" \/>\n<meta name=\"robots\" content=\"index, follow, max-snippet:-1, max-image-preview:large, max-video-preview:-1\" \/>\n<link rel=\"canonical\" href=\"https:\/\/avocat-extradition-teissedre.com\/en\/prescription-peine-extradition-droit-penal-international\/\" \/>\n<meta property=\"og:locale\" content=\"en_US\" \/>\n<meta property=\"og:type\" content=\"article\" \/>\n<meta property=\"og:title\" content=\"La prescription de la peine - Droit P\u00e9nal International - Cabinet Teissedre\" \/>\n<meta property=\"og:description\" content=\"Le principal probl\u00e8me est de savoir \u00e0 partir de quelle date commencent \u00e0 courir les d\u00e9lais de prescription de la peine.\" \/>\n<meta property=\"og:url\" content=\"https:\/\/avocat-extradition-teissedre.com\/en\/prescription-peine-extradition-droit-penal-international\/\" \/>\n<meta property=\"og:site_name\" content=\"Cabinet Avocats Teissedre - Droit P\u00e9nal International et Extradition\" \/>\n<meta property=\"article:modified_time\" content=\"2020-08-26T14:50:37+00:00\" \/>\n<meta name=\"twitter:card\" content=\"summary_large_image\" \/>\n<meta name=\"twitter:label1\" content=\"Est. reading time\" \/>\n\t<meta name=\"twitter:data1\" content=\"2 minutes\" \/>\n<script type=\"application\/ld+json\" class=\"yoast-schema-graph\">{\"@context\":\"https:\/\/schema.org\",\"@graph\":[{\"@type\":\"WebPage\",\"@id\":\"https:\/\/avocat-extradition-teissedre.com\/prescription-peine-extradition-droit-penal-international\/\",\"url\":\"https:\/\/avocat-extradition-teissedre.com\/prescription-peine-extradition-droit-penal-international\/\",\"name\":\"La prescription de la peine - Droit P\u00e9nal International - Cabinet Teissedre\",\"isPartOf\":{\"@id\":\"https:\/\/avocat-extradition-teissedre.com\/#website\"},\"datePublished\":\"2020-07-17T11:52:34+00:00\",\"dateModified\":\"2020-08-26T14:50:37+00:00\",\"description\":\"Le principal probl\u00e8me est de savoir \u00e0 partir de quelle date commencent \u00e0 courir les d\u00e9lais de prescription de la peine.\",\"breadcrumb\":{\"@id\":\"https:\/\/avocat-extradition-teissedre.com\/prescription-peine-extradition-droit-penal-international\/#breadcrumb\"},\"inLanguage\":\"en-US\",\"potentialAction\":[{\"@type\":\"ReadAction\",\"target\":[\"https:\/\/avocat-extradition-teissedre.com\/prescription-peine-extradition-droit-penal-international\/\"]}]},{\"@type\":\"BreadcrumbList\",\"@id\":\"https:\/\/avocat-extradition-teissedre.com\/prescription-peine-extradition-droit-penal-international\/#breadcrumb\",\"itemListElement\":[{\"@type\":\"ListItem\",\"position\":1,\"name\":\"Accueil\",\"item\":\"https:\/\/avocat-extradition-teissedre.com\/\"},{\"@type\":\"ListItem\",\"position\":2,\"name\":\"La prescription de la peine\"}]},{\"@type\":\"WebSite\",\"@id\":\"https:\/\/avocat-extradition-teissedre.com\/#website\",\"url\":\"https:\/\/avocat-extradition-teissedre.com\/\",\"name\":\"Cabinet Avocats Teissedre - Droit P\u00e9nal International et Extradition\",\"description\":\"Droit P\u00e9nal International Extradition\",\"publisher\":{\"@id\":\"https:\/\/avocat-extradition-teissedre.com\/#organization\"},\"potentialAction\":[{\"@type\":\"SearchAction\",\"target\":{\"@type\":\"EntryPoint\",\"urlTemplate\":\"https:\/\/avocat-extradition-teissedre.com\/?s={search_term_string}\"},\"query-input\":{\"@type\":\"PropertyValueSpecification\",\"valueRequired\":true,\"valueName\":\"search_term_string\"}}],\"inLanguage\":\"en-US\"},{\"@type\":\"Organization\",\"@id\":\"https:\/\/avocat-extradition-teissedre.com\/#organization\",\"name\":\"Cabinet Avocats Teissedre\",\"url\":\"https:\/\/avocat-extradition-teissedre.com\/\",\"logo\":{\"@type\":\"ImageObject\",\"inLanguage\":\"en-US\",\"@id\":\"https:\/\/avocat-extradition-teissedre.com\/#\/schema\/logo\/image\/\",\"url\":\"https:\/\/avocat-extradition-teissedre.com\/wp-content\/uploads\/2020\/07\/Logo_Cabinet-TA_Bleu-marine.png\",\"contentUrl\":\"https:\/\/avocat-extradition-teissedre.com\/wp-content\/uploads\/2020\/07\/Logo_Cabinet-TA_Bleu-marine.png\",\"width\":2190,\"height\":432,\"caption\":\"Cabinet Avocats Teissedre\"},\"image\":{\"@id\":\"https:\/\/avocat-extradition-teissedre.com\/#\/schema\/logo\/image\/\"}}]}<\/script>\n<!-- \/ Yoast SEO plugin. -->","yoast_head_json":{"title":"La prescription de la peine - Droit P\u00e9nal International - Cabinet Teissedre","description":"Le principal probl\u00e8me est de savoir \u00e0 partir de quelle date commencent \u00e0 courir les d\u00e9lais de prescription de la peine.","robots":{"index":"index","follow":"follow","max-snippet":"max-snippet:-1","max-image-preview":"max-image-preview:large","max-video-preview":"max-video-preview:-1"},"canonical":"https:\/\/avocat-extradition-teissedre.com\/en\/prescription-peine-extradition-droit-penal-international\/","og_locale":"en_US","og_type":"article","og_title":"La prescription de la peine - Droit P\u00e9nal International - Cabinet Teissedre","og_description":"Le principal probl\u00e8me est de savoir \u00e0 partir de quelle date commencent \u00e0 courir les d\u00e9lais de prescription de la peine.","og_url":"https:\/\/avocat-extradition-teissedre.com\/en\/prescription-peine-extradition-droit-penal-international\/","og_site_name":"Cabinet Avocats Teissedre - Droit P\u00e9nal International et Extradition","article_modified_time":"2020-08-26T14:50:37+00:00","twitter_card":"summary_large_image","twitter_misc":{"Est. reading time":"2 minutes"},"schema":{"@context":"https:\/\/schema.org","@graph":[{"@type":"WebPage","@id":"https:\/\/avocat-extradition-teissedre.com\/prescription-peine-extradition-droit-penal-international\/","url":"https:\/\/avocat-extradition-teissedre.com\/prescription-peine-extradition-droit-penal-international\/","name":"La prescription de la peine - Droit P\u00e9nal International - Cabinet Teissedre","isPartOf":{"@id":"https:\/\/avocat-extradition-teissedre.com\/#website"},"datePublished":"2020-07-17T11:52:34+00:00","dateModified":"2020-08-26T14:50:37+00:00","description":"Le principal probl\u00e8me est de savoir \u00e0 partir de quelle date commencent \u00e0 courir les d\u00e9lais de prescription de la peine.","breadcrumb":{"@id":"https:\/\/avocat-extradition-teissedre.com\/prescription-peine-extradition-droit-penal-international\/#breadcrumb"},"inLanguage":"en-US","potentialAction":[{"@type":"ReadAction","target":["https:\/\/avocat-extradition-teissedre.com\/prescription-peine-extradition-droit-penal-international\/"]}]},{"@type":"BreadcrumbList","@id":"https:\/\/avocat-extradition-teissedre.com\/prescription-peine-extradition-droit-penal-international\/#breadcrumb","itemListElement":[{"@type":"ListItem","position":1,"name":"Accueil","item":"https:\/\/avocat-extradition-teissedre.com\/"},{"@type":"ListItem","position":2,"name":"La prescription de la peine"}]},{"@type":"WebSite","@id":"https:\/\/avocat-extradition-teissedre.com\/#website","url":"https:\/\/avocat-extradition-teissedre.com\/","name":"Cabinet Avocats Teissedre - Droit P\u00e9nal International et Extradition","description":"Droit P\u00e9nal International Extradition","publisher":{"@id":"https:\/\/avocat-extradition-teissedre.com\/#organization"},"potentialAction":[{"@type":"SearchAction","target":{"@type":"EntryPoint","urlTemplate":"https:\/\/avocat-extradition-teissedre.com\/?s={search_term_string}"},"query-input":{"@type":"PropertyValueSpecification","valueRequired":true,"valueName":"search_term_string"}}],"inLanguage":"en-US"},{"@type":"Organization","@id":"https:\/\/avocat-extradition-teissedre.com\/#organization","name":"Cabinet Avocats Teissedre","url":"https:\/\/avocat-extradition-teissedre.com\/","logo":{"@type":"ImageObject","inLanguage":"en-US","@id":"https:\/\/avocat-extradition-teissedre.com\/#\/schema\/logo\/image\/","url":"https:\/\/avocat-extradition-teissedre.com\/wp-content\/uploads\/2020\/07\/Logo_Cabinet-TA_Bleu-marine.png","contentUrl":"https:\/\/avocat-extradition-teissedre.com\/wp-content\/uploads\/2020\/07\/Logo_Cabinet-TA_Bleu-marine.png","width":2190,"height":432,"caption":"Cabinet Avocats Teissedre"},"image":{"@id":"https:\/\/avocat-extradition-teissedre.com\/#\/schema\/logo\/image\/"}}]}},"_links":{"self":[{"href":"https:\/\/avocat-extradition-teissedre.com\/en\/wp-json\/wp\/v2\/pages\/56","targetHints":{"allow":["GET"]}}],"collection":[{"href":"https:\/\/avocat-extradition-teissedre.com\/en\/wp-json\/wp\/v2\/pages"}],"about":[{"href":"https:\/\/avocat-extradition-teissedre.com\/en\/wp-json\/wp\/v2\/types\/page"}],"author":[{"embeddable":true,"href":"https:\/\/avocat-extradition-teissedre.com\/en\/wp-json\/wp\/v2\/users\/1"}],"replies":[{"embeddable":true,"href":"https:\/\/avocat-extradition-teissedre.com\/en\/wp-json\/wp\/v2\/comments?post=56"}],"version-history":[{"count":0,"href":"https:\/\/avocat-extradition-teissedre.com\/en\/wp-json\/wp\/v2\/pages\/56\/revisions"}],"wp:attachment":[{"href":"https:\/\/avocat-extradition-teissedre.com\/en\/wp-json\/wp\/v2\/media?parent=56"}],"curies":[{"name":"wp","href":"https:\/\/api.w.org\/{rel}","templated":true}]}}