{"id":58,"date":"2020-07-17T14:00:59","date_gmt":"2020-07-17T12:00:59","guid":{"rendered":"https:\/\/avocat-extradition-teissedre.com\/?page_id=58"},"modified":"2020-08-26T16:57:34","modified_gmt":"2020-08-26T14:57:34","slug":"decisions-rendues-par-defaut-extradition","status":"publish","type":"page","link":"https:\/\/avocat-extradition-teissedre.com\/en\/decisions-rendues-par-defaut-extradition\/","title":{"rendered":"Default Decisions"},"content":{"rendered":"<p>A distinction must be made depending on whether the decision is handed down by a criminal court competent to judge misdemeanours or by a criminal court competent to judge crimes, as the rules are not the same depending on the nature of the decision handed down.<\/p>\n<p>There is a relatively large amount of litigation in misdemeanour matters concerning the nature of the judgment<strong>, since a default decision and a decision rendered in the presence of both parties do not\nhave the same legal consequences.<\/strong>.<\/p>\n<p>When a judgment is rendered by default, the appeal against it \u2013 called the opposition - overrules the decision and the case will be retried before the same court. A contradictory judgement is not subject to opposition, the only legal recourse that exists is the appeal, which means that the person who is absent during the trial but whose judgement is expressly qualified as contradictory will lose a degree of jurisdiction.<\/p>\n<p>Classically <strong>, a distinction must be made between correctional default and criminal default.<\/strong>.<\/p>","protected":false},"excerpt":{"rendered":"<p>Il faut distinguer selon que la d\u00e9cision est rendue par un tribunal correctionnel comp\u00e9tent pour juger les d\u00e9lits ou par une cour d\u2019assises comp\u00e9tente pour juger les crimes car les r\u00e8gles ne sont pas les m\u00eames selon la nature de la d\u00e9cision rendue. Un contentieux relativement important existe en mati\u00e8re d\u00e9lictuelle concernant la nature du [&hellip;]<\/p>","protected":false},"author":1,"featured_media":0,"parent":0,"menu_order":0,"comment_status":"closed","ping_status":"closed","template":"","meta":{"site-sidebar-layout":"default","site-content-layout":"default","ast-site-content-layout":"default","site-content-style":"default","site-sidebar-style":"default","ast-global-header-display":"","ast-banner-title-visibility":"","ast-main-header-display":"","ast-hfb-above-header-display":"","ast-hfb-below-header-display":"","ast-hfb-mobile-header-display":"","site-post-title":"","ast-breadcrumbs-content":"","ast-featured-img":"disabled","footer-sml-layout":"","theme-transparent-header-meta":"enabled","adv-header-id-meta":"75","stick-header-meta":"default","header-above-stick-meta":"","header-main-stick-meta":"","header-below-stick-meta":"","astra-migrate-meta-layouts":"default","ast-page-background-enabled":"default","ast-page-background-meta":{"desktop":{"background-color":"","background-image":"","background-repeat":"repeat","background-position":"center center","background-size":"auto","background-attachment":"scroll","background-type":"","background-media":"","overlay-type":"","overlay-color":"","overlay-opacity":"","overlay-gradient":""},"tablet":{"background-color":"","background-image":"","background-repeat":"repeat","background-position":"center center","background-size":"auto","background-attachment":"scroll","background-type":"","background-media":"","overlay-type":"","overlay-color":"","overlay-opacity":"","overlay-gradient":""},"mobile":{"background-color":"","background-image":"","background-repeat":"repeat","background-position":"center center","background-size":"auto","background-attachment":"scroll","background-type":"","background-media":"","overlay-type":"","overlay-color":"","overlay-opacity":"","overlay-gradient":""}},"ast-content-background-meta":{"desktop":{"background-color":"var(--ast-global-color-5)","background-image":"","background-repeat":"repeat","background-position":"center center","background-size":"auto","background-attachment":"scroll","background-type":"","background-media":"","overlay-type":"","overlay-color":"","overlay-opacity":"","overlay-gradient":""},"tablet":{"background-color":"var(--ast-global-color-5)","background-image":"","background-repeat":"repeat","background-position":"center center","background-size":"auto","background-attachment":"scroll","background-type":"","background-media":"","overlay-type":"","overlay-color":"","overlay-opacity":"","overlay-gradient":""},"mobile":{"background-color":"var(--ast-global-color-5)","background-image":"","background-repeat":"repeat","background-position":"center center","background-size":"auto","background-attachment":"scroll","background-type":"","background-media":"","overlay-type":"","overlay-color":"","overlay-opacity":"","overlay-gradient":""}},"footnotes":""},"class_list":["post-58","page","type-page","status-publish","hentry"],"yoast_head":"<!-- This site is optimized with the Yoast SEO plugin v26.0 - https:\/\/yoast.com\/wordpress\/plugins\/seo\/ -->\n<title>Les d\u00e9cisions rendues par d\u00e9faut - Droit P\u00e9nal - Cabinet Teissedre<\/title>\n<meta name=\"description\" content=\"Lorsqu\u2019un jugement est rendu par d\u00e9faut, le recours qui est form\u00e9 \u00e0 son encontre an\u00e9antit la d\u00e9cision et l\u2019affaire sera rejug\u00e9e.\" \/>\n<meta name=\"robots\" content=\"index, follow, max-snippet:-1, max-image-preview:large, max-video-preview:-1\" \/>\n<link rel=\"canonical\" href=\"https:\/\/avocat-extradition-teissedre.com\/en\/decisions-rendues-par-defaut-extradition\/\" \/>\n<meta property=\"og:locale\" content=\"en_US\" \/>\n<meta property=\"og:type\" content=\"article\" \/>\n<meta property=\"og:title\" content=\"Les d\u00e9cisions rendues par d\u00e9faut - Droit P\u00e9nal - Cabinet Teissedre\" \/>\n<meta property=\"og:description\" content=\"Lorsqu\u2019un jugement est rendu par d\u00e9faut, le recours qui est form\u00e9 \u00e0 son encontre an\u00e9antit la d\u00e9cision et l\u2019affaire sera rejug\u00e9e.\" \/>\n<meta property=\"og:url\" content=\"https:\/\/avocat-extradition-teissedre.com\/en\/decisions-rendues-par-defaut-extradition\/\" \/>\n<meta property=\"og:site_name\" content=\"Cabinet Avocats Teissedre - Droit P\u00e9nal International et Extradition\" \/>\n<meta property=\"article:modified_time\" content=\"2020-08-26T14:57:34+00:00\" \/>\n<meta name=\"twitter:card\" content=\"summary_large_image\" \/>\n<meta name=\"twitter:label1\" content=\"Est. reading time\" \/>\n\t<meta name=\"twitter:data1\" content=\"1 minute\" \/>\n<script type=\"application\/ld+json\" class=\"yoast-schema-graph\">{\"@context\":\"https:\/\/schema.org\",\"@graph\":[{\"@type\":\"WebPage\",\"@id\":\"https:\/\/avocat-extradition-teissedre.com\/decisions-rendues-par-defaut-extradition\/\",\"url\":\"https:\/\/avocat-extradition-teissedre.com\/decisions-rendues-par-defaut-extradition\/\",\"name\":\"Les d\u00e9cisions rendues par d\u00e9faut - Droit P\u00e9nal - Cabinet Teissedre\",\"isPartOf\":{\"@id\":\"https:\/\/avocat-extradition-teissedre.com\/#website\"},\"datePublished\":\"2020-07-17T12:00:59+00:00\",\"dateModified\":\"2020-08-26T14:57:34+00:00\",\"description\":\"Lorsqu\u2019un jugement est rendu par d\u00e9faut, le recours qui est form\u00e9 \u00e0 son encontre an\u00e9antit la d\u00e9cision et l\u2019affaire sera rejug\u00e9e.\",\"breadcrumb\":{\"@id\":\"https:\/\/avocat-extradition-teissedre.com\/decisions-rendues-par-defaut-extradition\/#breadcrumb\"},\"inLanguage\":\"en-US\",\"potentialAction\":[{\"@type\":\"ReadAction\",\"target\":[\"https:\/\/avocat-extradition-teissedre.com\/decisions-rendues-par-defaut-extradition\/\"]}]},{\"@type\":\"BreadcrumbList\",\"@id\":\"https:\/\/avocat-extradition-teissedre.com\/decisions-rendues-par-defaut-extradition\/#breadcrumb\",\"itemListElement\":[{\"@type\":\"ListItem\",\"position\":1,\"name\":\"Accueil\",\"item\":\"https:\/\/avocat-extradition-teissedre.com\/\"},{\"@type\":\"ListItem\",\"position\":2,\"name\":\"Les d\u00e9cisions rendues par d\u00e9faut\"}]},{\"@type\":\"WebSite\",\"@id\":\"https:\/\/avocat-extradition-teissedre.com\/#website\",\"url\":\"https:\/\/avocat-extradition-teissedre.com\/\",\"name\":\"Cabinet Avocats Teissedre - Droit P\u00e9nal International et Extradition\",\"description\":\"Droit P\u00e9nal International Extradition\",\"publisher\":{\"@id\":\"https:\/\/avocat-extradition-teissedre.com\/#organization\"},\"potentialAction\":[{\"@type\":\"SearchAction\",\"target\":{\"@type\":\"EntryPoint\",\"urlTemplate\":\"https:\/\/avocat-extradition-teissedre.com\/?s={search_term_string}\"},\"query-input\":{\"@type\":\"PropertyValueSpecification\",\"valueRequired\":true,\"valueName\":\"search_term_string\"}}],\"inLanguage\":\"en-US\"},{\"@type\":\"Organization\",\"@id\":\"https:\/\/avocat-extradition-teissedre.com\/#organization\",\"name\":\"Cabinet Avocats Teissedre\",\"url\":\"https:\/\/avocat-extradition-teissedre.com\/\",\"logo\":{\"@type\":\"ImageObject\",\"inLanguage\":\"en-US\",\"@id\":\"https:\/\/avocat-extradition-teissedre.com\/#\/schema\/logo\/image\/\",\"url\":\"https:\/\/avocat-extradition-teissedre.com\/wp-content\/uploads\/2020\/07\/Logo_Cabinet-TA_Bleu-marine.png\",\"contentUrl\":\"https:\/\/avocat-extradition-teissedre.com\/wp-content\/uploads\/2020\/07\/Logo_Cabinet-TA_Bleu-marine.png\",\"width\":2190,\"height\":432,\"caption\":\"Cabinet Avocats Teissedre\"},\"image\":{\"@id\":\"https:\/\/avocat-extradition-teissedre.com\/#\/schema\/logo\/image\/\"}}]}<\/script>\n<!-- \/ Yoast SEO plugin. -->","yoast_head_json":{"title":"Les d\u00e9cisions rendues par d\u00e9faut - Droit P\u00e9nal - Cabinet Teissedre","description":"Lorsqu\u2019un jugement est rendu par d\u00e9faut, le recours qui est form\u00e9 \u00e0 son encontre an\u00e9antit la d\u00e9cision et l\u2019affaire sera rejug\u00e9e.","robots":{"index":"index","follow":"follow","max-snippet":"max-snippet:-1","max-image-preview":"max-image-preview:large","max-video-preview":"max-video-preview:-1"},"canonical":"https:\/\/avocat-extradition-teissedre.com\/en\/decisions-rendues-par-defaut-extradition\/","og_locale":"en_US","og_type":"article","og_title":"Les d\u00e9cisions rendues par d\u00e9faut - Droit P\u00e9nal - Cabinet Teissedre","og_description":"Lorsqu\u2019un jugement est rendu par d\u00e9faut, le recours qui est form\u00e9 \u00e0 son encontre an\u00e9antit la d\u00e9cision et l\u2019affaire sera rejug\u00e9e.","og_url":"https:\/\/avocat-extradition-teissedre.com\/en\/decisions-rendues-par-defaut-extradition\/","og_site_name":"Cabinet Avocats Teissedre - Droit P\u00e9nal International et Extradition","article_modified_time":"2020-08-26T14:57:34+00:00","twitter_card":"summary_large_image","twitter_misc":{"Est. reading time":"1 minute"},"schema":{"@context":"https:\/\/schema.org","@graph":[{"@type":"WebPage","@id":"https:\/\/avocat-extradition-teissedre.com\/decisions-rendues-par-defaut-extradition\/","url":"https:\/\/avocat-extradition-teissedre.com\/decisions-rendues-par-defaut-extradition\/","name":"Les d\u00e9cisions rendues par d\u00e9faut - Droit P\u00e9nal - Cabinet Teissedre","isPartOf":{"@id":"https:\/\/avocat-extradition-teissedre.com\/#website"},"datePublished":"2020-07-17T12:00:59+00:00","dateModified":"2020-08-26T14:57:34+00:00","description":"Lorsqu\u2019un jugement est rendu par d\u00e9faut, le recours qui est form\u00e9 \u00e0 son encontre an\u00e9antit la d\u00e9cision et l\u2019affaire sera rejug\u00e9e.","breadcrumb":{"@id":"https:\/\/avocat-extradition-teissedre.com\/decisions-rendues-par-defaut-extradition\/#breadcrumb"},"inLanguage":"en-US","potentialAction":[{"@type":"ReadAction","target":["https:\/\/avocat-extradition-teissedre.com\/decisions-rendues-par-defaut-extradition\/"]}]},{"@type":"BreadcrumbList","@id":"https:\/\/avocat-extradition-teissedre.com\/decisions-rendues-par-defaut-extradition\/#breadcrumb","itemListElement":[{"@type":"ListItem","position":1,"name":"Accueil","item":"https:\/\/avocat-extradition-teissedre.com\/"},{"@type":"ListItem","position":2,"name":"Les d\u00e9cisions rendues par d\u00e9faut"}]},{"@type":"WebSite","@id":"https:\/\/avocat-extradition-teissedre.com\/#website","url":"https:\/\/avocat-extradition-teissedre.com\/","name":"Cabinet Avocats Teissedre - Droit P\u00e9nal International et Extradition","description":"Droit P\u00e9nal International Extradition","publisher":{"@id":"https:\/\/avocat-extradition-teissedre.com\/#organization"},"potentialAction":[{"@type":"SearchAction","target":{"@type":"EntryPoint","urlTemplate":"https:\/\/avocat-extradition-teissedre.com\/?s={search_term_string}"},"query-input":{"@type":"PropertyValueSpecification","valueRequired":true,"valueName":"search_term_string"}}],"inLanguage":"en-US"},{"@type":"Organization","@id":"https:\/\/avocat-extradition-teissedre.com\/#organization","name":"Cabinet Avocats Teissedre","url":"https:\/\/avocat-extradition-teissedre.com\/","logo":{"@type":"ImageObject","inLanguage":"en-US","@id":"https:\/\/avocat-extradition-teissedre.com\/#\/schema\/logo\/image\/","url":"https:\/\/avocat-extradition-teissedre.com\/wp-content\/uploads\/2020\/07\/Logo_Cabinet-TA_Bleu-marine.png","contentUrl":"https:\/\/avocat-extradition-teissedre.com\/wp-content\/uploads\/2020\/07\/Logo_Cabinet-TA_Bleu-marine.png","width":2190,"height":432,"caption":"Cabinet Avocats Teissedre"},"image":{"@id":"https:\/\/avocat-extradition-teissedre.com\/#\/schema\/logo\/image\/"}}]}},"_links":{"self":[{"href":"https:\/\/avocat-extradition-teissedre.com\/en\/wp-json\/wp\/v2\/pages\/58","targetHints":{"allow":["GET"]}}],"collection":[{"href":"https:\/\/avocat-extradition-teissedre.com\/en\/wp-json\/wp\/v2\/pages"}],"about":[{"href":"https:\/\/avocat-extradition-teissedre.com\/en\/wp-json\/wp\/v2\/types\/page"}],"author":[{"embeddable":true,"href":"https:\/\/avocat-extradition-teissedre.com\/en\/wp-json\/wp\/v2\/users\/1"}],"replies":[{"embeddable":true,"href":"https:\/\/avocat-extradition-teissedre.com\/en\/wp-json\/wp\/v2\/comments?post=58"}],"version-history":[{"count":0,"href":"https:\/\/avocat-extradition-teissedre.com\/en\/wp-json\/wp\/v2\/pages\/58\/revisions"}],"wp:attachment":[{"href":"https:\/\/avocat-extradition-teissedre.com\/en\/wp-json\/wp\/v2\/media?parent=58"}],"curies":[{"name":"wp","href":"https:\/\/api.w.org\/{rel}","templated":true}]}}