{"id":62,"date":"2020-08-23T17:16:15","date_gmt":"2020-08-23T15:16:15","guid":{"rendered":"https:\/\/avocat-extradition-teissedre.com\/?page_id=62"},"modified":"2020-08-26T16:52:42","modified_gmt":"2020-08-26T14:52:42","slug":"procedure-extradition-droit-penal-international","status":"publish","type":"page","link":"https:\/\/avocat-extradition-teissedre.com\/en\/procedure-extradition-droit-penal-international\/","title":{"rendered":"The Extradition Proc\u00e9dure"},"content":{"rendered":"<p><strong>Extradition is a form of international mutual assistance<\/strong>. It can be defined as the procedure by which a state, called the requested state, agrees to hand over a person located on its territory to another state, called the requesting state, that wants them, in order to try them for the commission of a crime or offence, or to enforce a sentence rendered against them. It is therefore a state-to-state relationship. The term is so well known to the public that it is commonly used by everyone, even though it is governed by a complex legal regime that is ultimately little known to practitioners.<\/p>\n<p>Before explaining this legal regime, that can be derived from international conventions or from the French Code of Criminal Procedure, it is important to consider what this procedure is not, so as not to confuse it with other procedures.<\/p>\n<p><strong>Firstly, extradition should not be confused with the concept of transfer, which allows foreigners deprived of their liberty to serve their sentence in their home society<\/strong>. The best-known convention on this subject is the Convention on the Transfer of Sentenced Persons signed in Strasbourg on 21 March 1983.<\/p>\n<p><strong>Secondly, expulsion and refoulement are not methods of surrendering a person from one State to another<\/strong>. Refoulement and expulsion do not have an end in view, unlike extradition. They are administrative procedures, refoulement being, in principle, the act of not letting a foreigner enter France.<\/p>\n<p><strong>Thirdly and more generally, the method used by the foreign authority must not constitute a disguised extradition which is nothing more than a misuse of procedure<\/strong>. This is the case when a state wants to avoid an extradition procedure by disguising it as an expulsion, as the extradition procedure is usually long and uncertain. A state may indeed be tempted to use a procedure with the same objective as extradition, for example when a previous extradition request has been refused.<\/p>\n<p>The practical difficulty here is that in some cases the requested state, in this case France, shows little regard for procedural rules. French police officers seeing an expulsion order will sometimes take the person directly to the foreign authority and once across the border it will be difficult for the person concerned to access a judge and challenge this procedure. When the person has already been handed over to the requesting state, it is too late.<\/p>\n<p>This is what happened to an Italian national, a man called Bozano, who had taken refuge in France because he had been sentenced in Italy to life imprisonment. After an unfavourable opinion from the Limoges Court of Appeal, he was arrested in France according to an expulsion order issued by the Minister of the Interior on the proposal of the Prefect of Haute-Vienne and, having been forced into a French police car, was taken to Switzerland. He was provisionally incarcerated in Switzerland, where Italy requested his extradition, and then handed over to the Italian authorities, which led to France being condemned by the ECHR.<\/p>\n<p><strong>Finally, a fourth notion should not be confused with extradition: the surrender of a person in execution of a European arrest warrant<\/strong>. The European arrest warrant was instituted by the framework decision of the Council of the European Union of 13 June 2002 and introduced into French law by Act No. 2004-204 of 9 March 2004. This procedure is not a simplified extradition procedure but a new form of cooperation that replaces extradition by a system of surrender between judicial authorities.<\/p>\n<p>Le droit de l\u2019extradition est un droit complexe. Il est issu de la loi du 10 mars 1927 qui a \u00e9t\u00e9 abrog\u00e9e par la loi n\u00b02004-204 du 9 mars 2004 dite Perben II portant adaptation de la justice aux \u00e9volutions de la criminalit\u00e9. Il est d\u00e9sormais codifi\u00e9 aux articles 696 et suivants du code de proc\u00e9dure p\u00e9nale qui \u00e9nonce : \u00ab En l&rsquo;absence de convention internationale en stipulant autrement, les conditions, la proc\u00e9dure et les effets de l&rsquo;extradition sont d\u00e9termin\u00e9s par les dispositions du pr\u00e9sent chapitre.Ces dispositions s&rsquo;appliquent \u00e9galement aux points qui n&rsquo;auraient pas \u00e9t\u00e9 r\u00e9glement\u00e9s par les conventions internationales \u00bb.<\/p>\n<p>This article is essential because it establishes the principle of the subsidiary and suppletive nature of the rules as laid down in the Code of Criminal Procedure. The articles of the Code of Criminal Procedure are subsidiary because, generally, there is a convention, a treaty or a bilateral agreement that applies to the case. In the hierarchy of norms, international texts are superior to domestic law.<\/p>\n<p>There are many international conventions in this field, but the most important of them, the one that constitutes the core of international law in this area, is the European Convention on Extradition signed in Paris on 13 December 1957, within the framework of the Council of Europe, which entered into force in France on 11 May 1986. It should be noted in this respect that when France belatedly ratified the European Convention on Extradition, it expressed a number of reservations which are worth noting and to which we shall return.<\/p>\n<p><strong>To date, 50 countries have ratified this international convention, including three that are not members of the Council of Europe (South Africa, Israel and South Korea)<\/strong> . The provisions of the Code of Criminal Procedure are therefore subsidiary in the sense that they are intended to apply to the various points that have not been regulated by the international treaties.<\/p>\n<p>From the point of view of the person who is the subject of the extradition request, the main idea that emerges from the study of the case law of the Criminal Division of the Court of Cassation is that the investigating chamber must systematically verify the legal grounds, most often enshrining fundamental rights and freedoms as well as fundamental procedural guarantees, which are invoked by the applicant, even if it means ordering additional information.<\/p>\n<p>The purpose of this additional information is to obtain sufficiently clear and precise answers from the requesting state on a point of law, a factual element, or on guarantees relating to the fate of the person concerned in the event that the investigating chamber issues a favourable opinion on extradition. The Court of Cassation \u2013 supreme judicial court \u2013 is not the only one to exercise judicial control over the extradition procedure, as judicial control is also exercised by the Council of State \u2013 supreme administrative court.<\/p>\n<p>Indeed <strong>, the final decision rests with the French government<\/strong>, extradition being authorised by a decree of the Prime Minister issued on a report of the Minister of Justice. This means that the extradition decree can be challenged on the grounds of abuse of power. This appeal will, in fact, have suspensive effect. Thus, while the examination of the extradition request is the responsibility of the judicial authority, the execution of the extradition request following the opinion of the investigating chamber is the responsibility of the administrative authority.<\/p>\n<p><strong>The accused or convicted person who is the subject of an extradition request from a foreign State may either consent or oppose it<\/strong>. In the latter case, the practitioner must urgently ascertain whether there are any legal grounds of preventing extradition, in addition to the need to verify the legality of the procedure, which is governed exclusively by the Code of Criminal Procedure.<\/p>","protected":false},"excerpt":{"rendered":"<p>L\u2019extradition est une forme d\u2019entraide internationale. Elle peut \u00eatre d\u00e9finie comme la proc\u00e9dure par laquelle un \u00c9tat, appel\u00e9 \u00c9tat requis, accepte de livrer (tradere : livrer en latin) une personne qui se trouve sur son territoire \u00e0 un autre \u00c9tat, appel\u00e9 \u00c9tat requ\u00e9rant, qui la r\u00e9clame pour la commission d\u2019un crime ou d\u2019un d\u00e9lit ou [&hellip;]<\/p>","protected":false},"author":1,"featured_media":0,"parent":0,"menu_order":0,"comment_status":"closed","ping_status":"closed","template":"","meta":{"site-sidebar-layout":"default","site-content-layout":"default","ast-site-content-layout":"default","site-content-style":"default","site-sidebar-style":"default","ast-global-header-display":"","ast-banner-title-visibility":"","ast-main-header-display":"","ast-hfb-above-header-display":"","ast-hfb-below-header-display":"","ast-hfb-mobile-header-display":"","site-post-title":"","ast-breadcrumbs-content":"","ast-featured-img":"disabled","footer-sml-layout":"","theme-transparent-header-meta":"enabled","adv-header-id-meta":"75","stick-header-meta":"default","header-above-stick-meta":"","header-main-stick-meta":"","header-below-stick-meta":"","astra-migrate-meta-layouts":"default","ast-page-background-enabled":"default","ast-page-background-meta":{"desktop":{"background-color":"","background-image":"","background-repeat":"repeat","background-position":"center center","background-size":"auto","background-attachment":"scroll","background-type":"","background-media":"","overlay-type":"","overlay-color":"","overlay-opacity":"","overlay-gradient":""},"tablet":{"background-color":"","background-image":"","background-repeat":"repeat","background-position":"center center","background-size":"auto","background-attachment":"scroll","background-type":"","background-media":"","overlay-type":"","overlay-color":"","overlay-opacity":"","overlay-gradient":""},"mobile":{"background-color":"","background-image":"","background-repeat":"repeat","background-position":"center center","background-size":"auto","background-attachment":"scroll","background-type":"","background-media":"","overlay-type":"","overlay-color":"","overlay-opacity":"","overlay-gradient":""}},"ast-content-background-meta":{"desktop":{"background-color":"var(--ast-global-color-5)","background-image":"","background-repeat":"repeat","background-position":"center center","background-size":"auto","background-attachment":"scroll","background-type":"","background-media":"","overlay-type":"","overlay-color":"","overlay-opacity":"","overlay-gradient":""},"tablet":{"background-color":"var(--ast-global-color-5)","background-image":"","background-repeat":"repeat","background-position":"center center","background-size":"auto","background-attachment":"scroll","background-type":"","background-media":"","overlay-type":"","overlay-color":"","overlay-opacity":"","overlay-gradient":""},"mobile":{"background-color":"var(--ast-global-color-5)","background-image":"","background-repeat":"repeat","background-position":"center center","background-size":"auto","background-attachment":"scroll","background-type":"","background-media":"","overlay-type":"","overlay-color":"","overlay-opacity":"","overlay-gradient":""}},"footnotes":""},"class_list":["post-62","page","type-page","status-publish","hentry"],"yoast_head":"<!-- This site is optimized with the Yoast SEO plugin v26.0 - https:\/\/yoast.com\/wordpress\/plugins\/seo\/ -->\n<title>La proc\u00e9dure d&#039;extradition - Droit P\u00e9nal International - Cabinet Teissedre<\/title>\n<meta name=\"description\" content=\"L\u2019extradition est une forme d\u2019entraide internationale. Proc\u00e9dure par laquelle un \u00c9tat accepte de livrer une personne \u00e0 un autre \u00c9tat.\" \/>\n<meta name=\"robots\" content=\"index, follow, max-snippet:-1, max-image-preview:large, max-video-preview:-1\" \/>\n<link rel=\"canonical\" href=\"https:\/\/avocat-extradition-teissedre.com\/en\/procedure-extradition-droit-penal-international\/\" \/>\n<meta property=\"og:locale\" content=\"en_US\" \/>\n<meta property=\"og:type\" content=\"article\" \/>\n<meta property=\"og:title\" content=\"La proc\u00e9dure d&#039;extradition - Droit P\u00e9nal International - Cabinet Teissedre\" \/>\n<meta property=\"og:description\" content=\"L\u2019extradition est une forme d\u2019entraide internationale. Proc\u00e9dure par laquelle un \u00c9tat accepte de livrer une personne \u00e0 un autre \u00c9tat.\" \/>\n<meta property=\"og:url\" content=\"https:\/\/avocat-extradition-teissedre.com\/en\/procedure-extradition-droit-penal-international\/\" \/>\n<meta property=\"og:site_name\" content=\"Cabinet Avocats Teissedre - Droit P\u00e9nal International et Extradition\" \/>\n<meta property=\"article:modified_time\" content=\"2020-08-26T14:52:42+00:00\" \/>\n<meta name=\"twitter:card\" content=\"summary_large_image\" \/>\n<meta name=\"twitter:label1\" content=\"Est. reading time\" \/>\n\t<meta name=\"twitter:data1\" content=\"7 minutes\" \/>\n<script type=\"application\/ld+json\" class=\"yoast-schema-graph\">{\"@context\":\"https:\/\/schema.org\",\"@graph\":[{\"@type\":\"WebPage\",\"@id\":\"https:\/\/avocat-extradition-teissedre.com\/procedure-extradition-droit-penal-international\/\",\"url\":\"https:\/\/avocat-extradition-teissedre.com\/procedure-extradition-droit-penal-international\/\",\"name\":\"La proc\u00e9dure d'extradition - Droit P\u00e9nal International - Cabinet Teissedre\",\"isPartOf\":{\"@id\":\"https:\/\/avocat-extradition-teissedre.com\/#website\"},\"datePublished\":\"2020-08-23T15:16:15+00:00\",\"dateModified\":\"2020-08-26T14:52:42+00:00\",\"description\":\"L\u2019extradition est une forme d\u2019entraide internationale. Proc\u00e9dure par laquelle un \u00c9tat accepte de livrer une personne \u00e0 un autre \u00c9tat.\",\"breadcrumb\":{\"@id\":\"https:\/\/avocat-extradition-teissedre.com\/procedure-extradition-droit-penal-international\/#breadcrumb\"},\"inLanguage\":\"en-US\",\"potentialAction\":[{\"@type\":\"ReadAction\",\"target\":[\"https:\/\/avocat-extradition-teissedre.com\/procedure-extradition-droit-penal-international\/\"]}]},{\"@type\":\"BreadcrumbList\",\"@id\":\"https:\/\/avocat-extradition-teissedre.com\/procedure-extradition-droit-penal-international\/#breadcrumb\",\"itemListElement\":[{\"@type\":\"ListItem\",\"position\":1,\"name\":\"Accueil\",\"item\":\"https:\/\/avocat-extradition-teissedre.com\/\"},{\"@type\":\"ListItem\",\"position\":2,\"name\":\"La proc\u00e9dure d&rsquo;extradition\"}]},{\"@type\":\"WebSite\",\"@id\":\"https:\/\/avocat-extradition-teissedre.com\/#website\",\"url\":\"https:\/\/avocat-extradition-teissedre.com\/\",\"name\":\"Cabinet Avocats Teissedre - Droit P\u00e9nal International et Extradition\",\"description\":\"Droit P\u00e9nal International Extradition\",\"publisher\":{\"@id\":\"https:\/\/avocat-extradition-teissedre.com\/#organization\"},\"potentialAction\":[{\"@type\":\"SearchAction\",\"target\":{\"@type\":\"EntryPoint\",\"urlTemplate\":\"https:\/\/avocat-extradition-teissedre.com\/?s={search_term_string}\"},\"query-input\":{\"@type\":\"PropertyValueSpecification\",\"valueRequired\":true,\"valueName\":\"search_term_string\"}}],\"inLanguage\":\"en-US\"},{\"@type\":\"Organization\",\"@id\":\"https:\/\/avocat-extradition-teissedre.com\/#organization\",\"name\":\"Cabinet Avocats Teissedre\",\"url\":\"https:\/\/avocat-extradition-teissedre.com\/\",\"logo\":{\"@type\":\"ImageObject\",\"inLanguage\":\"en-US\",\"@id\":\"https:\/\/avocat-extradition-teissedre.com\/#\/schema\/logo\/image\/\",\"url\":\"https:\/\/avocat-extradition-teissedre.com\/wp-content\/uploads\/2020\/07\/Logo_Cabinet-TA_Bleu-marine.png\",\"contentUrl\":\"https:\/\/avocat-extradition-teissedre.com\/wp-content\/uploads\/2020\/07\/Logo_Cabinet-TA_Bleu-marine.png\",\"width\":2190,\"height\":432,\"caption\":\"Cabinet Avocats Teissedre\"},\"image\":{\"@id\":\"https:\/\/avocat-extradition-teissedre.com\/#\/schema\/logo\/image\/\"}}]}<\/script>\n<!-- \/ Yoast SEO plugin. -->","yoast_head_json":{"title":"La proc\u00e9dure d'extradition - Droit P\u00e9nal International - Cabinet Teissedre","description":"L\u2019extradition est une forme d\u2019entraide internationale. Proc\u00e9dure par laquelle un \u00c9tat accepte de livrer une personne \u00e0 un autre \u00c9tat.","robots":{"index":"index","follow":"follow","max-snippet":"max-snippet:-1","max-image-preview":"max-image-preview:large","max-video-preview":"max-video-preview:-1"},"canonical":"https:\/\/avocat-extradition-teissedre.com\/en\/procedure-extradition-droit-penal-international\/","og_locale":"en_US","og_type":"article","og_title":"La proc\u00e9dure d'extradition - Droit P\u00e9nal International - Cabinet Teissedre","og_description":"L\u2019extradition est une forme d\u2019entraide internationale. Proc\u00e9dure par laquelle un \u00c9tat accepte de livrer une personne \u00e0 un autre \u00c9tat.","og_url":"https:\/\/avocat-extradition-teissedre.com\/en\/procedure-extradition-droit-penal-international\/","og_site_name":"Cabinet Avocats Teissedre - Droit P\u00e9nal International et Extradition","article_modified_time":"2020-08-26T14:52:42+00:00","twitter_card":"summary_large_image","twitter_misc":{"Est. reading time":"7 minutes"},"schema":{"@context":"https:\/\/schema.org","@graph":[{"@type":"WebPage","@id":"https:\/\/avocat-extradition-teissedre.com\/procedure-extradition-droit-penal-international\/","url":"https:\/\/avocat-extradition-teissedre.com\/procedure-extradition-droit-penal-international\/","name":"La proc\u00e9dure d'extradition - Droit P\u00e9nal International - Cabinet Teissedre","isPartOf":{"@id":"https:\/\/avocat-extradition-teissedre.com\/#website"},"datePublished":"2020-08-23T15:16:15+00:00","dateModified":"2020-08-26T14:52:42+00:00","description":"L\u2019extradition est une forme d\u2019entraide internationale. Proc\u00e9dure par laquelle un \u00c9tat accepte de livrer une personne \u00e0 un autre \u00c9tat.","breadcrumb":{"@id":"https:\/\/avocat-extradition-teissedre.com\/procedure-extradition-droit-penal-international\/#breadcrumb"},"inLanguage":"en-US","potentialAction":[{"@type":"ReadAction","target":["https:\/\/avocat-extradition-teissedre.com\/procedure-extradition-droit-penal-international\/"]}]},{"@type":"BreadcrumbList","@id":"https:\/\/avocat-extradition-teissedre.com\/procedure-extradition-droit-penal-international\/#breadcrumb","itemListElement":[{"@type":"ListItem","position":1,"name":"Accueil","item":"https:\/\/avocat-extradition-teissedre.com\/"},{"@type":"ListItem","position":2,"name":"La proc\u00e9dure d&rsquo;extradition"}]},{"@type":"WebSite","@id":"https:\/\/avocat-extradition-teissedre.com\/#website","url":"https:\/\/avocat-extradition-teissedre.com\/","name":"Cabinet Avocats Teissedre - Droit P\u00e9nal International et Extradition","description":"Droit P\u00e9nal International Extradition","publisher":{"@id":"https:\/\/avocat-extradition-teissedre.com\/#organization"},"potentialAction":[{"@type":"SearchAction","target":{"@type":"EntryPoint","urlTemplate":"https:\/\/avocat-extradition-teissedre.com\/?s={search_term_string}"},"query-input":{"@type":"PropertyValueSpecification","valueRequired":true,"valueName":"search_term_string"}}],"inLanguage":"en-US"},{"@type":"Organization","@id":"https:\/\/avocat-extradition-teissedre.com\/#organization","name":"Cabinet Avocats Teissedre","url":"https:\/\/avocat-extradition-teissedre.com\/","logo":{"@type":"ImageObject","inLanguage":"en-US","@id":"https:\/\/avocat-extradition-teissedre.com\/#\/schema\/logo\/image\/","url":"https:\/\/avocat-extradition-teissedre.com\/wp-content\/uploads\/2020\/07\/Logo_Cabinet-TA_Bleu-marine.png","contentUrl":"https:\/\/avocat-extradition-teissedre.com\/wp-content\/uploads\/2020\/07\/Logo_Cabinet-TA_Bleu-marine.png","width":2190,"height":432,"caption":"Cabinet Avocats Teissedre"},"image":{"@id":"https:\/\/avocat-extradition-teissedre.com\/#\/schema\/logo\/image\/"}}]}},"_links":{"self":[{"href":"https:\/\/avocat-extradition-teissedre.com\/en\/wp-json\/wp\/v2\/pages\/62","targetHints":{"allow":["GET"]}}],"collection":[{"href":"https:\/\/avocat-extradition-teissedre.com\/en\/wp-json\/wp\/v2\/pages"}],"about":[{"href":"https:\/\/avocat-extradition-teissedre.com\/en\/wp-json\/wp\/v2\/types\/page"}],"author":[{"embeddable":true,"href":"https:\/\/avocat-extradition-teissedre.com\/en\/wp-json\/wp\/v2\/users\/1"}],"replies":[{"embeddable":true,"href":"https:\/\/avocat-extradition-teissedre.com\/en\/wp-json\/wp\/v2\/comments?post=62"}],"version-history":[{"count":0,"href":"https:\/\/avocat-extradition-teissedre.com\/en\/wp-json\/wp\/v2\/pages\/62\/revisions"}],"wp:attachment":[{"href":"https:\/\/avocat-extradition-teissedre.com\/en\/wp-json\/wp\/v2\/media?parent=62"}],"curies":[{"name":"wp","href":"https:\/\/api.w.org\/{rel}","templated":true}]}}