{"id":64,"date":"2020-08-23T17:27:58","date_gmt":"2020-08-23T15:27:58","guid":{"rendered":"https:\/\/avocat-extradition-teissedre.com\/?page_id=64"},"modified":"2020-08-26T16:54:25","modified_gmt":"2020-08-26T14:54:25","slug":"mandat-arret-europeen-extradition","status":"publish","type":"page","link":"https:\/\/avocat-extradition-teissedre.com\/en\/mandat-arret-europeen-extradition\/","title":{"rendered":"The European Arrest Warrant"},"content":{"rendered":"<p>The European arrest warrant was transposed into French law by Act No. 2004-204 of 9 March 2004 adapting the justice system to developments in crime, known as the Perben II Act, which inserted articles 695-11 to 695-51 into the Code of Criminal Procedure. The Act of 9 March 2004 transposes into our law the EU Council\u2019s framework decision of 13 June 2002 on the European arrest warrant and the surrender procedures between Member States.<\/p>\n<p>Previously, it was necessary to amend article 88-2 of the Constitution, which states: \"The law shall lay down the rules relating to the European arrest warrant in application of acts taken by the institutions of the European Union\". Indeed, Constitutional Act No. 2003-267 of 25 March 2003 followed an opinion issued by the Council of State which pointed to a risk of unconstitutionality. France declared, pursuant to article 32 of the framework decision, in article 215 of the Act of 9 March 2004, that a European arrest warrant issued by a Member State could only be executed for acts committed after 1 November 1993, the date on which the Maastricht Treaty of 7 February 1992 entered into force.<\/p>\n<p><strong> Article 695-11 of the Code of Criminal Procedure defines the European arrest warrant as \"a judicial decision issued by a Member State of the European Union, known as the issuing Member State, with a view to the arrest and surrender by another Member State, known as the executing Member State, of a person sought for the purposes of criminal proceedings or the execution of a custodial sentence or detention order\".<\/strong>.<\/p>\n<p>The rules on the European arrest warrant replace the extradition procedure, so that no more extradition requests have to be made between Member States that have implemented the framework decision. The European arrest warrant also replaces previous instruments such as the European Convention on Extradition of 13 December 1957, or the Convention implementing the Schengen agreement on Extradition of 19 June 1990.<\/p>\n<p>The framework decision of 13 June 2002 presents the European arrest warrant as the first concrete expression of the principle of mutual recognition <strong>. The aim is to go faster and simpler by reducing the grounds for refusal, although the European arrest warrant is governed by rules largely inspired by the extradition procedure.<\/strong>.<\/p>","protected":false},"excerpt":{"rendered":"<p>Le mandat d\u2019arr\u00eat europ\u00e9en a \u00e9t\u00e9 transpos\u00e9 en France par la loi n\u00b02004-204 du 9 mars 2004 portant adaptation de la justice aux \u00e9volutions de la criminalit\u00e9, dite loi Perben II, qui a ins\u00e9r\u00e9 les articles 695-11 \u00e0 695-51 dans le code de proc\u00e9dure p\u00e9nale. La loi du 9 mars 2004 transpose dans notre droit [&hellip;]<\/p>","protected":false},"author":1,"featured_media":0,"parent":0,"menu_order":0,"comment_status":"closed","ping_status":"closed","template":"","meta":{"site-sidebar-layout":"default","site-content-layout":"default","ast-site-content-layout":"default","site-content-style":"default","site-sidebar-style":"default","ast-global-header-display":"","ast-banner-title-visibility":"","ast-main-header-display":"","ast-hfb-above-header-display":"","ast-hfb-below-header-display":"","ast-hfb-mobile-header-display":"","site-post-title":"","ast-breadcrumbs-content":"","ast-featured-img":"disabled","footer-sml-layout":"","theme-transparent-header-meta":"enabled","adv-header-id-meta":"75","stick-header-meta":"default","header-above-stick-meta":"","header-main-stick-meta":"","header-below-stick-meta":"","astra-migrate-meta-layouts":"default","ast-page-background-enabled":"default","ast-page-background-meta":{"desktop":{"background-color":"","background-image":"","background-repeat":"repeat","background-position":"center center","background-size":"auto","background-attachment":"scroll","background-type":"","background-media":"","overlay-type":"","overlay-color":"","overlay-opacity":"","overlay-gradient":""},"tablet":{"background-color":"","background-image":"","background-repeat":"repeat","background-position":"center center","background-size":"auto","background-attachment":"scroll","background-type":"","background-media":"","overlay-type":"","overlay-color":"","overlay-opacity":"","overlay-gradient":""},"mobile":{"background-color":"","background-image":"","background-repeat":"repeat","background-position":"center center","background-size":"auto","background-attachment":"scroll","background-type":"","background-media":"","overlay-type":"","overlay-color":"","overlay-opacity":"","overlay-gradient":""}},"ast-content-background-meta":{"desktop":{"background-color":"var(--ast-global-color-5)","background-image":"","background-repeat":"repeat","background-position":"center center","background-size":"auto","background-attachment":"scroll","background-type":"","background-media":"","overlay-type":"","overlay-color":"","overlay-opacity":"","overlay-gradient":""},"tablet":{"background-color":"var(--ast-global-color-5)","background-image":"","background-repeat":"repeat","background-position":"center center","background-size":"auto","background-attachment":"scroll","background-type":"","background-media":"","overlay-type":"","overlay-color":"","overlay-opacity":"","overlay-gradient":""},"mobile":{"background-color":"var(--ast-global-color-5)","background-image":"","background-repeat":"repeat","background-position":"center center","background-size":"auto","background-attachment":"scroll","background-type":"","background-media":"","overlay-type":"","overlay-color":"","overlay-opacity":"","overlay-gradient":""}},"footnotes":""},"class_list":["post-64","page","type-page","status-publish","hentry"],"yoast_head":"<!-- This site is optimized with the Yoast SEO plugin v26.0 - https:\/\/yoast.com\/wordpress\/plugins\/seo\/ -->\n<title>Le mandat d&#039;arr\u00eat Europ\u00e9en - Droit P\u00e9nal International - Cabinet Teissedre<\/title>\n<meta name=\"description\" content=\"D\u00e9cision judiciaire \u00e9mise par un \u00c9tat membre en vue de l\u2019arrestation et de la remise par un autre \u00c9tat membre d\u2019une personne recherch\u00e9e.\" \/>\n<meta name=\"robots\" content=\"index, follow, max-snippet:-1, max-image-preview:large, max-video-preview:-1\" \/>\n<link rel=\"canonical\" href=\"https:\/\/avocat-extradition-teissedre.com\/en\/mandat-arret-europeen-extradition\/\" \/>\n<meta property=\"og:locale\" content=\"en_US\" \/>\n<meta property=\"og:type\" content=\"article\" \/>\n<meta property=\"og:title\" content=\"Le mandat d&#039;arr\u00eat Europ\u00e9en - Droit P\u00e9nal International - Cabinet Teissedre\" \/>\n<meta property=\"og:description\" content=\"D\u00e9cision judiciaire \u00e9mise par un \u00c9tat membre en vue de l\u2019arrestation et de la remise par un autre \u00c9tat membre d\u2019une personne recherch\u00e9e.\" \/>\n<meta property=\"og:url\" content=\"https:\/\/avocat-extradition-teissedre.com\/en\/mandat-arret-europeen-extradition\/\" \/>\n<meta property=\"og:site_name\" content=\"Cabinet Avocats Teissedre - Droit P\u00e9nal International et Extradition\" \/>\n<meta property=\"article:modified_time\" content=\"2020-08-26T14:54:25+00:00\" \/>\n<meta name=\"twitter:card\" content=\"summary_large_image\" \/>\n<meta name=\"twitter:label1\" content=\"Est. reading time\" \/>\n\t<meta name=\"twitter:data1\" content=\"2 minutes\" \/>\n<script type=\"application\/ld+json\" class=\"yoast-schema-graph\">{\"@context\":\"https:\/\/schema.org\",\"@graph\":[{\"@type\":\"WebPage\",\"@id\":\"https:\/\/avocat-extradition-teissedre.com\/mandat-arret-europeen-extradition\/\",\"url\":\"https:\/\/avocat-extradition-teissedre.com\/mandat-arret-europeen-extradition\/\",\"name\":\"Le mandat d'arr\u00eat Europ\u00e9en - Droit P\u00e9nal International - Cabinet Teissedre\",\"isPartOf\":{\"@id\":\"https:\/\/avocat-extradition-teissedre.com\/#website\"},\"datePublished\":\"2020-08-23T15:27:58+00:00\",\"dateModified\":\"2020-08-26T14:54:25+00:00\",\"description\":\"D\u00e9cision judiciaire \u00e9mise par un \u00c9tat membre en vue de l\u2019arrestation et de la remise par un autre \u00c9tat membre d\u2019une personne recherch\u00e9e.\",\"breadcrumb\":{\"@id\":\"https:\/\/avocat-extradition-teissedre.com\/mandat-arret-europeen-extradition\/#breadcrumb\"},\"inLanguage\":\"en-US\",\"potentialAction\":[{\"@type\":\"ReadAction\",\"target\":[\"https:\/\/avocat-extradition-teissedre.com\/mandat-arret-europeen-extradition\/\"]}]},{\"@type\":\"BreadcrumbList\",\"@id\":\"https:\/\/avocat-extradition-teissedre.com\/mandat-arret-europeen-extradition\/#breadcrumb\",\"itemListElement\":[{\"@type\":\"ListItem\",\"position\":1,\"name\":\"Accueil\",\"item\":\"https:\/\/avocat-extradition-teissedre.com\/\"},{\"@type\":\"ListItem\",\"position\":2,\"name\":\"Le mandat d&rsquo;arr\u00eat Europ\u00e9en\"}]},{\"@type\":\"WebSite\",\"@id\":\"https:\/\/avocat-extradition-teissedre.com\/#website\",\"url\":\"https:\/\/avocat-extradition-teissedre.com\/\",\"name\":\"Cabinet Avocats Teissedre - Droit P\u00e9nal International et Extradition\",\"description\":\"Droit P\u00e9nal International Extradition\",\"publisher\":{\"@id\":\"https:\/\/avocat-extradition-teissedre.com\/#organization\"},\"potentialAction\":[{\"@type\":\"SearchAction\",\"target\":{\"@type\":\"EntryPoint\",\"urlTemplate\":\"https:\/\/avocat-extradition-teissedre.com\/?s={search_term_string}\"},\"query-input\":{\"@type\":\"PropertyValueSpecification\",\"valueRequired\":true,\"valueName\":\"search_term_string\"}}],\"inLanguage\":\"en-US\"},{\"@type\":\"Organization\",\"@id\":\"https:\/\/avocat-extradition-teissedre.com\/#organization\",\"name\":\"Cabinet Avocats Teissedre\",\"url\":\"https:\/\/avocat-extradition-teissedre.com\/\",\"logo\":{\"@type\":\"ImageObject\",\"inLanguage\":\"en-US\",\"@id\":\"https:\/\/avocat-extradition-teissedre.com\/#\/schema\/logo\/image\/\",\"url\":\"https:\/\/avocat-extradition-teissedre.com\/wp-content\/uploads\/2020\/07\/Logo_Cabinet-TA_Bleu-marine.png\",\"contentUrl\":\"https:\/\/avocat-extradition-teissedre.com\/wp-content\/uploads\/2020\/07\/Logo_Cabinet-TA_Bleu-marine.png\",\"width\":2190,\"height\":432,\"caption\":\"Cabinet Avocats Teissedre\"},\"image\":{\"@id\":\"https:\/\/avocat-extradition-teissedre.com\/#\/schema\/logo\/image\/\"}}]}<\/script>\n<!-- \/ Yoast SEO plugin. -->","yoast_head_json":{"title":"Le mandat d'arr\u00eat Europ\u00e9en - Droit P\u00e9nal International - Cabinet Teissedre","description":"D\u00e9cision judiciaire \u00e9mise par un \u00c9tat membre en vue de l\u2019arrestation et de la remise par un autre \u00c9tat membre d\u2019une personne recherch\u00e9e.","robots":{"index":"index","follow":"follow","max-snippet":"max-snippet:-1","max-image-preview":"max-image-preview:large","max-video-preview":"max-video-preview:-1"},"canonical":"https:\/\/avocat-extradition-teissedre.com\/en\/mandat-arret-europeen-extradition\/","og_locale":"en_US","og_type":"article","og_title":"Le mandat d'arr\u00eat Europ\u00e9en - Droit P\u00e9nal International - Cabinet Teissedre","og_description":"D\u00e9cision judiciaire \u00e9mise par un \u00c9tat membre en vue de l\u2019arrestation et de la remise par un autre \u00c9tat membre d\u2019une personne recherch\u00e9e.","og_url":"https:\/\/avocat-extradition-teissedre.com\/en\/mandat-arret-europeen-extradition\/","og_site_name":"Cabinet Avocats Teissedre - Droit P\u00e9nal International et Extradition","article_modified_time":"2020-08-26T14:54:25+00:00","twitter_card":"summary_large_image","twitter_misc":{"Est. reading time":"2 minutes"},"schema":{"@context":"https:\/\/schema.org","@graph":[{"@type":"WebPage","@id":"https:\/\/avocat-extradition-teissedre.com\/mandat-arret-europeen-extradition\/","url":"https:\/\/avocat-extradition-teissedre.com\/mandat-arret-europeen-extradition\/","name":"Le mandat d'arr\u00eat Europ\u00e9en - Droit P\u00e9nal International - Cabinet Teissedre","isPartOf":{"@id":"https:\/\/avocat-extradition-teissedre.com\/#website"},"datePublished":"2020-08-23T15:27:58+00:00","dateModified":"2020-08-26T14:54:25+00:00","description":"D\u00e9cision judiciaire \u00e9mise par un \u00c9tat membre en vue de l\u2019arrestation et de la remise par un autre \u00c9tat membre d\u2019une personne recherch\u00e9e.","breadcrumb":{"@id":"https:\/\/avocat-extradition-teissedre.com\/mandat-arret-europeen-extradition\/#breadcrumb"},"inLanguage":"en-US","potentialAction":[{"@type":"ReadAction","target":["https:\/\/avocat-extradition-teissedre.com\/mandat-arret-europeen-extradition\/"]}]},{"@type":"BreadcrumbList","@id":"https:\/\/avocat-extradition-teissedre.com\/mandat-arret-europeen-extradition\/#breadcrumb","itemListElement":[{"@type":"ListItem","position":1,"name":"Accueil","item":"https:\/\/avocat-extradition-teissedre.com\/"},{"@type":"ListItem","position":2,"name":"Le mandat d&rsquo;arr\u00eat Europ\u00e9en"}]},{"@type":"WebSite","@id":"https:\/\/avocat-extradition-teissedre.com\/#website","url":"https:\/\/avocat-extradition-teissedre.com\/","name":"Cabinet Avocats Teissedre - Droit P\u00e9nal International et Extradition","description":"Droit P\u00e9nal International Extradition","publisher":{"@id":"https:\/\/avocat-extradition-teissedre.com\/#organization"},"potentialAction":[{"@type":"SearchAction","target":{"@type":"EntryPoint","urlTemplate":"https:\/\/avocat-extradition-teissedre.com\/?s={search_term_string}"},"query-input":{"@type":"PropertyValueSpecification","valueRequired":true,"valueName":"search_term_string"}}],"inLanguage":"en-US"},{"@type":"Organization","@id":"https:\/\/avocat-extradition-teissedre.com\/#organization","name":"Cabinet Avocats Teissedre","url":"https:\/\/avocat-extradition-teissedre.com\/","logo":{"@type":"ImageObject","inLanguage":"en-US","@id":"https:\/\/avocat-extradition-teissedre.com\/#\/schema\/logo\/image\/","url":"https:\/\/avocat-extradition-teissedre.com\/wp-content\/uploads\/2020\/07\/Logo_Cabinet-TA_Bleu-marine.png","contentUrl":"https:\/\/avocat-extradition-teissedre.com\/wp-content\/uploads\/2020\/07\/Logo_Cabinet-TA_Bleu-marine.png","width":2190,"height":432,"caption":"Cabinet Avocats Teissedre"},"image":{"@id":"https:\/\/avocat-extradition-teissedre.com\/#\/schema\/logo\/image\/"}}]}},"_links":{"self":[{"href":"https:\/\/avocat-extradition-teissedre.com\/en\/wp-json\/wp\/v2\/pages\/64","targetHints":{"allow":["GET"]}}],"collection":[{"href":"https:\/\/avocat-extradition-teissedre.com\/en\/wp-json\/wp\/v2\/pages"}],"about":[{"href":"https:\/\/avocat-extradition-teissedre.com\/en\/wp-json\/wp\/v2\/types\/page"}],"author":[{"embeddable":true,"href":"https:\/\/avocat-extradition-teissedre.com\/en\/wp-json\/wp\/v2\/users\/1"}],"replies":[{"embeddable":true,"href":"https:\/\/avocat-extradition-teissedre.com\/en\/wp-json\/wp\/v2\/comments?post=64"}],"version-history":[{"count":0,"href":"https:\/\/avocat-extradition-teissedre.com\/en\/wp-json\/wp\/v2\/pages\/64\/revisions"}],"wp:attachment":[{"href":"https:\/\/avocat-extradition-teissedre.com\/en\/wp-json\/wp\/v2\/media?parent=64"}],"curies":[{"name":"wp","href":"https:\/\/api.w.org\/{rel}","templated":true}]}}