{"id":66,"date":"2020-08-23T17:30:29","date_gmt":"2020-08-23T15:30:29","guid":{"rendered":"https:\/\/avocat-extradition-teissedre.com\/?page_id=66"},"modified":"2020-08-26T16:49:23","modified_gmt":"2020-08-26T14:49:23","slug":"notice-rouge-interpol-extradition","status":"publish","type":"page","link":"https:\/\/avocat-extradition-teissedre.com\/en\/notice-rouge-interpol-extradition\/","title":{"rendered":"The Interpol Red Notice"},"content":{"rendered":"<p><strong>INTERPOL notices are alerts or requests for international cooperation<\/strong> that allow police in member countries to exchange crucial information about a particular crime. Red notices are for fugitives wanted for prosecution or for the purpose of enforcing a sentence.<\/p>\n<p><strong>A red notice is a request to law enforcement agencies around the world to locate and provisionally arrest a person pending extradition<\/strong>, surrender or other legal proceedings. Notices are issued by the Interpol General Secretariat at the request of a National Central Bureau and are made known to all member countries.<\/p>\n<p>The United Nations, international criminal tribunals and the International Criminal Court may also issue notices for persons wanted for offences within their jurisdiction, such as genocide, war crimes and crimes against humanity.<\/p>\n<p><strong> Most notices are strictly for law enforcement use only and are not made public<\/strong>; however, in some cases where there is a need to alert or seek the assistance of the general public, an excerpt of the notice may be published on the INTERPOL website. In contrast, United Nations Special notices are always public.<\/p>\n<p>The Commission for the Control of Interpol's Files (CCF) is an independent authority which ensures that the processing of personal data through Interpol channels complies with the organization's rules.<\/p>\n<p>3 types of requests can be brought before the CCF :<\/p>\n<ul>\n<li>Request for access to information that may be contained in Interpol's information system;<\/li>\n<li>Request for deletion or correction of information contained in Interpol's information system;<\/li>\n<li>Request for revision.<\/li>\n<\/ul>","protected":false},"excerpt":{"rendered":"<p>Les notices d\u2019INTERPOL sont des alertes ou demandes de coop\u00e9ration internationale qui permettent aux services de police des pays membres d\u2019\u00e9changer des informations cruciales sur une infraction donn\u00e9e. Les notices rouges concernent les fugitifs recherch\u00e9s dans le cadre de l\u2019exercice de poursuites ou aux fins d\u2019ex\u00e9cution d\u2019une peine. Une notice rouge consiste \u00e0 demander aux [&hellip;]<\/p>","protected":false},"author":1,"featured_media":0,"parent":0,"menu_order":0,"comment_status":"closed","ping_status":"closed","template":"","meta":{"site-sidebar-layout":"default","site-content-layout":"default","ast-site-content-layout":"default","site-content-style":"default","site-sidebar-style":"default","ast-global-header-display":"","ast-banner-title-visibility":"","ast-main-header-display":"","ast-hfb-above-header-display":"","ast-hfb-below-header-display":"","ast-hfb-mobile-header-display":"","site-post-title":"","ast-breadcrumbs-content":"","ast-featured-img":"disabled","footer-sml-layout":"","theme-transparent-header-meta":"enabled","adv-header-id-meta":"75","stick-header-meta":"default","header-above-stick-meta":"","header-main-stick-meta":"","header-below-stick-meta":"","astra-migrate-meta-layouts":"default","ast-page-background-enabled":"default","ast-page-background-meta":{"desktop":{"background-color":"","background-image":"","background-repeat":"repeat","background-position":"center center","background-size":"auto","background-attachment":"scroll","background-type":"","background-media":"","overlay-type":"","overlay-color":"","overlay-opacity":"","overlay-gradient":""},"tablet":{"background-color":"","background-image":"","background-repeat":"repeat","background-position":"center center","background-size":"auto","background-attachment":"scroll","background-type":"","background-media":"","overlay-type":"","overlay-color":"","overlay-opacity":"","overlay-gradient":""},"mobile":{"background-color":"","background-image":"","background-repeat":"repeat","background-position":"center center","background-size":"auto","background-attachment":"scroll","background-type":"","background-media":"","overlay-type":"","overlay-color":"","overlay-opacity":"","overlay-gradient":""}},"ast-content-background-meta":{"desktop":{"background-color":"var(--ast-global-color-5)","background-image":"","background-repeat":"repeat","background-position":"center center","background-size":"auto","background-attachment":"scroll","background-type":"","background-media":"","overlay-type":"","overlay-color":"","overlay-opacity":"","overlay-gradient":""},"tablet":{"background-color":"var(--ast-global-color-5)","background-image":"","background-repeat":"repeat","background-position":"center center","background-size":"auto","background-attachment":"scroll","background-type":"","background-media":"","overlay-type":"","overlay-color":"","overlay-opacity":"","overlay-gradient":""},"mobile":{"background-color":"var(--ast-global-color-5)","background-image":"","background-repeat":"repeat","background-position":"center center","background-size":"auto","background-attachment":"scroll","background-type":"","background-media":"","overlay-type":"","overlay-color":"","overlay-opacity":"","overlay-gradient":""}},"footnotes":""},"class_list":["post-66","page","type-page","status-publish","hentry"],"yoast_head":"<!-- This site is optimized with the Yoast SEO plugin v26.0 - https:\/\/yoast.com\/wordpress\/plugins\/seo\/ -->\n<title>La notice rouge Interpol - Droit P\u00e9nal International - Cabinet Teissedre<\/title>\n<meta name=\"description\" content=\"Les notices rouges concernent les fugitifs recherch\u00e9s dans le cadre de l\u2019exercice de poursuites ou aux fins d\u2019ex\u00e9cution d\u2019une peine.\" \/>\n<meta name=\"robots\" content=\"index, follow, max-snippet:-1, max-image-preview:large, max-video-preview:-1\" \/>\n<link rel=\"canonical\" href=\"https:\/\/avocat-extradition-teissedre.com\/en\/notice-rouge-interpol-extradition\/\" \/>\n<meta property=\"og:locale\" content=\"en_US\" \/>\n<meta property=\"og:type\" content=\"article\" \/>\n<meta property=\"og:title\" content=\"La notice rouge Interpol - Droit P\u00e9nal International - Cabinet Teissedre\" \/>\n<meta property=\"og:description\" content=\"Les notices rouges concernent les fugitifs recherch\u00e9s dans le cadre de l\u2019exercice de poursuites ou aux fins d\u2019ex\u00e9cution d\u2019une peine.\" \/>\n<meta property=\"og:url\" content=\"https:\/\/avocat-extradition-teissedre.com\/en\/notice-rouge-interpol-extradition\/\" \/>\n<meta property=\"og:site_name\" content=\"Cabinet Avocats Teissedre - Droit P\u00e9nal International et Extradition\" \/>\n<meta property=\"article:modified_time\" content=\"2020-08-26T14:49:23+00:00\" \/>\n<meta name=\"twitter:card\" content=\"summary_large_image\" \/>\n<meta name=\"twitter:label1\" content=\"Est. reading time\" \/>\n\t<meta name=\"twitter:data1\" content=\"2 minutes\" \/>\n<script type=\"application\/ld+json\" class=\"yoast-schema-graph\">{\"@context\":\"https:\/\/schema.org\",\"@graph\":[{\"@type\":\"WebPage\",\"@id\":\"https:\/\/avocat-extradition-teissedre.com\/notice-rouge-interpol-extradition\/\",\"url\":\"https:\/\/avocat-extradition-teissedre.com\/notice-rouge-interpol-extradition\/\",\"name\":\"La notice rouge Interpol - Droit P\u00e9nal International - Cabinet Teissedre\",\"isPartOf\":{\"@id\":\"https:\/\/avocat-extradition-teissedre.com\/#website\"},\"datePublished\":\"2020-08-23T15:30:29+00:00\",\"dateModified\":\"2020-08-26T14:49:23+00:00\",\"description\":\"Les notices rouges concernent les fugitifs recherch\u00e9s dans le cadre de l\u2019exercice de poursuites ou aux fins d\u2019ex\u00e9cution d\u2019une peine.\",\"breadcrumb\":{\"@id\":\"https:\/\/avocat-extradition-teissedre.com\/notice-rouge-interpol-extradition\/#breadcrumb\"},\"inLanguage\":\"en-US\",\"potentialAction\":[{\"@type\":\"ReadAction\",\"target\":[\"https:\/\/avocat-extradition-teissedre.com\/notice-rouge-interpol-extradition\/\"]}]},{\"@type\":\"BreadcrumbList\",\"@id\":\"https:\/\/avocat-extradition-teissedre.com\/notice-rouge-interpol-extradition\/#breadcrumb\",\"itemListElement\":[{\"@type\":\"ListItem\",\"position\":1,\"name\":\"Accueil\",\"item\":\"https:\/\/avocat-extradition-teissedre.com\/\"},{\"@type\":\"ListItem\",\"position\":2,\"name\":\"La notice rouge Interpol\"}]},{\"@type\":\"WebSite\",\"@id\":\"https:\/\/avocat-extradition-teissedre.com\/#website\",\"url\":\"https:\/\/avocat-extradition-teissedre.com\/\",\"name\":\"Cabinet Avocats Teissedre - Droit P\u00e9nal International et Extradition\",\"description\":\"Droit P\u00e9nal International Extradition\",\"publisher\":{\"@id\":\"https:\/\/avocat-extradition-teissedre.com\/#organization\"},\"potentialAction\":[{\"@type\":\"SearchAction\",\"target\":{\"@type\":\"EntryPoint\",\"urlTemplate\":\"https:\/\/avocat-extradition-teissedre.com\/?s={search_term_string}\"},\"query-input\":{\"@type\":\"PropertyValueSpecification\",\"valueRequired\":true,\"valueName\":\"search_term_string\"}}],\"inLanguage\":\"en-US\"},{\"@type\":\"Organization\",\"@id\":\"https:\/\/avocat-extradition-teissedre.com\/#organization\",\"name\":\"Cabinet Avocats Teissedre\",\"url\":\"https:\/\/avocat-extradition-teissedre.com\/\",\"logo\":{\"@type\":\"ImageObject\",\"inLanguage\":\"en-US\",\"@id\":\"https:\/\/avocat-extradition-teissedre.com\/#\/schema\/logo\/image\/\",\"url\":\"https:\/\/avocat-extradition-teissedre.com\/wp-content\/uploads\/2020\/07\/Logo_Cabinet-TA_Bleu-marine.png\",\"contentUrl\":\"https:\/\/avocat-extradition-teissedre.com\/wp-content\/uploads\/2020\/07\/Logo_Cabinet-TA_Bleu-marine.png\",\"width\":2190,\"height\":432,\"caption\":\"Cabinet Avocats Teissedre\"},\"image\":{\"@id\":\"https:\/\/avocat-extradition-teissedre.com\/#\/schema\/logo\/image\/\"}}]}<\/script>\n<!-- \/ Yoast SEO plugin. -->","yoast_head_json":{"title":"La notice rouge Interpol - Droit P\u00e9nal International - Cabinet Teissedre","description":"Les notices rouges concernent les fugitifs recherch\u00e9s dans le cadre de l\u2019exercice de poursuites ou aux fins d\u2019ex\u00e9cution d\u2019une peine.","robots":{"index":"index","follow":"follow","max-snippet":"max-snippet:-1","max-image-preview":"max-image-preview:large","max-video-preview":"max-video-preview:-1"},"canonical":"https:\/\/avocat-extradition-teissedre.com\/en\/notice-rouge-interpol-extradition\/","og_locale":"en_US","og_type":"article","og_title":"La notice rouge Interpol - Droit P\u00e9nal International - Cabinet Teissedre","og_description":"Les notices rouges concernent les fugitifs recherch\u00e9s dans le cadre de l\u2019exercice de poursuites ou aux fins d\u2019ex\u00e9cution d\u2019une peine.","og_url":"https:\/\/avocat-extradition-teissedre.com\/en\/notice-rouge-interpol-extradition\/","og_site_name":"Cabinet Avocats Teissedre - Droit P\u00e9nal International et Extradition","article_modified_time":"2020-08-26T14:49:23+00:00","twitter_card":"summary_large_image","twitter_misc":{"Est. reading time":"2 minutes"},"schema":{"@context":"https:\/\/schema.org","@graph":[{"@type":"WebPage","@id":"https:\/\/avocat-extradition-teissedre.com\/notice-rouge-interpol-extradition\/","url":"https:\/\/avocat-extradition-teissedre.com\/notice-rouge-interpol-extradition\/","name":"La notice rouge Interpol - Droit P\u00e9nal International - Cabinet Teissedre","isPartOf":{"@id":"https:\/\/avocat-extradition-teissedre.com\/#website"},"datePublished":"2020-08-23T15:30:29+00:00","dateModified":"2020-08-26T14:49:23+00:00","description":"Les notices rouges concernent les fugitifs recherch\u00e9s dans le cadre de l\u2019exercice de poursuites ou aux fins d\u2019ex\u00e9cution d\u2019une peine.","breadcrumb":{"@id":"https:\/\/avocat-extradition-teissedre.com\/notice-rouge-interpol-extradition\/#breadcrumb"},"inLanguage":"en-US","potentialAction":[{"@type":"ReadAction","target":["https:\/\/avocat-extradition-teissedre.com\/notice-rouge-interpol-extradition\/"]}]},{"@type":"BreadcrumbList","@id":"https:\/\/avocat-extradition-teissedre.com\/notice-rouge-interpol-extradition\/#breadcrumb","itemListElement":[{"@type":"ListItem","position":1,"name":"Accueil","item":"https:\/\/avocat-extradition-teissedre.com\/"},{"@type":"ListItem","position":2,"name":"La notice rouge Interpol"}]},{"@type":"WebSite","@id":"https:\/\/avocat-extradition-teissedre.com\/#website","url":"https:\/\/avocat-extradition-teissedre.com\/","name":"Cabinet Avocats Teissedre - Droit P\u00e9nal International et Extradition","description":"Droit P\u00e9nal International Extradition","publisher":{"@id":"https:\/\/avocat-extradition-teissedre.com\/#organization"},"potentialAction":[{"@type":"SearchAction","target":{"@type":"EntryPoint","urlTemplate":"https:\/\/avocat-extradition-teissedre.com\/?s={search_term_string}"},"query-input":{"@type":"PropertyValueSpecification","valueRequired":true,"valueName":"search_term_string"}}],"inLanguage":"en-US"},{"@type":"Organization","@id":"https:\/\/avocat-extradition-teissedre.com\/#organization","name":"Cabinet Avocats Teissedre","url":"https:\/\/avocat-extradition-teissedre.com\/","logo":{"@type":"ImageObject","inLanguage":"en-US","@id":"https:\/\/avocat-extradition-teissedre.com\/#\/schema\/logo\/image\/","url":"https:\/\/avocat-extradition-teissedre.com\/wp-content\/uploads\/2020\/07\/Logo_Cabinet-TA_Bleu-marine.png","contentUrl":"https:\/\/avocat-extradition-teissedre.com\/wp-content\/uploads\/2020\/07\/Logo_Cabinet-TA_Bleu-marine.png","width":2190,"height":432,"caption":"Cabinet Avocats Teissedre"},"image":{"@id":"https:\/\/avocat-extradition-teissedre.com\/#\/schema\/logo\/image\/"}}]}},"_links":{"self":[{"href":"https:\/\/avocat-extradition-teissedre.com\/en\/wp-json\/wp\/v2\/pages\/66","targetHints":{"allow":["GET"]}}],"collection":[{"href":"https:\/\/avocat-extradition-teissedre.com\/en\/wp-json\/wp\/v2\/pages"}],"about":[{"href":"https:\/\/avocat-extradition-teissedre.com\/en\/wp-json\/wp\/v2\/types\/page"}],"author":[{"embeddable":true,"href":"https:\/\/avocat-extradition-teissedre.com\/en\/wp-json\/wp\/v2\/users\/1"}],"replies":[{"embeddable":true,"href":"https:\/\/avocat-extradition-teissedre.com\/en\/wp-json\/wp\/v2\/comments?post=66"}],"version-history":[{"count":0,"href":"https:\/\/avocat-extradition-teissedre.com\/en\/wp-json\/wp\/v2\/pages\/66\/revisions"}],"wp:attachment":[{"href":"https:\/\/avocat-extradition-teissedre.com\/en\/wp-json\/wp\/v2\/media?parent=66"}],"curies":[{"name":"wp","href":"https:\/\/api.w.org\/{rel}","templated":true}]}}